{"id":3692217,"date":"2025-10-13T13:50:34","date_gmt":"2025-10-13T17:50:34","guid":{"rendered":"https:\/\/stoic-curie.212-227-153-4.plesk.page\/product\/pritisni-zasuni-za-zakljucavanje-30-mm\/"},"modified":"2026-02-25T00:01:17","modified_gmt":"2026-02-25T00:01:17","slug":"pritisni-zasuni-za-zakljucavanje-30-mm","status":"publish","type":"product","link":"https:\/\/stoic-curie.212-227-153-4.plesk.page\/hr\/product\/pritisni-zasuni-za-zakljucavanje-30-mm\/","title":{"rendered":"Pritisni zasuni za zaklju\u010davanje 30 mm"},"content":{"rendered":"<p>Pritisni zasuni za zaklju\u010davanje 30 mm &#8211; <\/p>\n<p>Pritisni\/Rotacijski prekida\u010d s kromiranim gumbom i ABS ku\u0107i\u0161tem. Kompletan s nehr\u0111aju\u0107im \u010deli\u010dnim udarom i vijcima. Gumb ostaje u ravan kada je zatvoren, ali iska\u010de na dodir kako bi omogu\u0107io siguran zahvat za rukovanje zatvara\u010dem i otvaranje ili zatvaranje vrata. Okrenite gumb za otvaranje, pritisnite vrata za zatvaranje.<\/p>\n","protected":false},"excerpt":{"rendered":"<p>Pritisni zasuni za zaklju\u010davanje 30 mm &#8211; Pritisni\/Rotacijski prekida\u010d s kromiranim gumbom i ABS ku\u0107i\u0161tem. Kompletan s nehr\u0111aju\u0107im \u010deli\u010dnim udarom<\/p>\n","protected":false},"featured_media":5947165,"comment_status":"closed","ping_status":"closed","template":"","meta":[],"product_brand":[3136],"product_cat":[1687,1710],"product_tag":[],"class_list":{"0":"post-3692217","1":"product","2":"type-product","3":"status-publish","4":"has-post-thumbnail","6":"product_brand-masterlock-hr","7":"product_cat-brodski-zasuni","8":"product_cat-pribor-za-brodske-kabine","10":"first","11":"instock","12":"shipping-taxable","13":"purchasable","14":"product-type-simple"},"_links":{"self":[{"href":"https:\/\/stoic-curie.212-227-153-4.plesk.page\/hr\/wp-json\/wp\/v2\/product\/3692217","targetHints":{"allow":["GET"]}}],"collection":[{"href":"https:\/\/stoic-curie.212-227-153-4.plesk.page\/hr\/wp-json\/wp\/v2\/product"}],"about":[{"href":"https:\/\/stoic-curie.212-227-153-4.plesk.page\/hr\/wp-json\/wp\/v2\/types\/product"}],"replies":[{"embeddable":true,"href":"https:\/\/stoic-curie.212-227-153-4.plesk.page\/hr\/wp-json\/wp\/v2\/comments?post=3692217"}],"version-history":[{"count":0,"href":"https:\/\/stoic-curie.212-227-153-4.plesk.page\/hr\/wp-json\/wp\/v2\/product\/3692217\/revisions"}],"wp:featuredmedia":[{"embeddable":true,"href":"https:\/\/stoic-curie.212-227-153-4.plesk.page\/hr\/wp-json\/wp\/v2\/media\/5947165"}],"wp:attachment":[{"href":"https:\/\/stoic-curie.212-227-153-4.plesk.page\/hr\/wp-json\/wp\/v2\/media?parent=3692217"}],"wp:term":[{"taxonomy":"product_brand","embeddable":true,"href":"https:\/\/stoic-curie.212-227-153-4.plesk.page\/hr\/wp-json\/wp\/v2\/product_brand?post=3692217"},{"taxonomy":"product_cat","embeddable":true,"href":"https:\/\/stoic-curie.212-227-153-4.plesk.page\/hr\/wp-json\/wp\/v2\/product_cat?post=3692217"},{"taxonomy":"product_tag","embeddable":true,"href":"https:\/\/stoic-curie.212-227-153-4.plesk.page\/hr\/wp-json\/wp\/v2\/product_tag?post=3692217"}],"curies":[{"name":"wp","href":"https:\/\/api.w.org\/{rel}","templated":true}]}}