{"id":3692220,"date":"2025-10-13T13:50:35","date_gmt":"2025-10-13T17:50:35","guid":{"rendered":"https:\/\/stoic-curie.212-227-153-4.plesk.page\/product\/najlonska-brava-42-x-25-mm-s-kljucem\/"},"modified":"2026-02-25T00:01:17","modified_gmt":"2026-02-25T00:01:17","slug":"najlonska-brava-42-x-25-mm-s-kljucem","status":"publish","type":"product","link":"https:\/\/stoic-curie.212-227-153-4.plesk.page\/hr\/product\/najlonska-brava-42-x-25-mm-s-kljucem\/","title":{"rendered":"Najlonska brava 42 x 25 mm s kljucem"},"content":{"rendered":"<p>Najlonska brava 42 x 25 mm s kljucem &#8211; <\/p>\n<p>DVostruko oja\u010dan najlonski pritiskiva\u010d s klju\u010dem. Podlo\u017ena prsten od nehr\u0111aju\u0107eg \u010delika i udarna plo\u010da.<\/p>\n","protected":false},"excerpt":{"rendered":"<p>Najlonska brava 42 x 25 mm s kljucem &#8211; DVostruko oja\u010dan najlonski pritiskiva\u010d s klju\u010dem. Podlo\u017ena prsten od nehr\u0111aju\u0107eg \u010delika<\/p>\n","protected":false},"featured_media":5947171,"comment_status":"closed","ping_status":"closed","template":"","meta":[],"product_brand":[3136],"product_cat":[1708,1687],"product_tag":[],"class_list":{"0":"post-3692220","1":"product","2":"type-product","3":"status-publish","4":"has-post-thumbnail","6":"product_brand-masterlock-hr","7":"product_cat-brave-za-vrata","8":"product_cat-brodski-zasuni","10":"first","11":"instock","12":"shipping-taxable","13":"purchasable","14":"product-type-simple"},"_links":{"self":[{"href":"https:\/\/stoic-curie.212-227-153-4.plesk.page\/hr\/wp-json\/wp\/v2\/product\/3692220","targetHints":{"allow":["GET"]}}],"collection":[{"href":"https:\/\/stoic-curie.212-227-153-4.plesk.page\/hr\/wp-json\/wp\/v2\/product"}],"about":[{"href":"https:\/\/stoic-curie.212-227-153-4.plesk.page\/hr\/wp-json\/wp\/v2\/types\/product"}],"replies":[{"embeddable":true,"href":"https:\/\/stoic-curie.212-227-153-4.plesk.page\/hr\/wp-json\/wp\/v2\/comments?post=3692220"}],"version-history":[{"count":0,"href":"https:\/\/stoic-curie.212-227-153-4.plesk.page\/hr\/wp-json\/wp\/v2\/product\/3692220\/revisions"}],"wp:featuredmedia":[{"embeddable":true,"href":"https:\/\/stoic-curie.212-227-153-4.plesk.page\/hr\/wp-json\/wp\/v2\/media\/5947171"}],"wp:attachment":[{"href":"https:\/\/stoic-curie.212-227-153-4.plesk.page\/hr\/wp-json\/wp\/v2\/media?parent=3692220"}],"wp:term":[{"taxonomy":"product_brand","embeddable":true,"href":"https:\/\/stoic-curie.212-227-153-4.plesk.page\/hr\/wp-json\/wp\/v2\/product_brand?post=3692220"},{"taxonomy":"product_cat","embeddable":true,"href":"https:\/\/stoic-curie.212-227-153-4.plesk.page\/hr\/wp-json\/wp\/v2\/product_cat?post=3692220"},{"taxonomy":"product_tag","embeddable":true,"href":"https:\/\/stoic-curie.212-227-153-4.plesk.page\/hr\/wp-json\/wp\/v2\/product_tag?post=3692220"}],"curies":[{"name":"wp","href":"https:\/\/api.w.org\/{rel}","templated":true}]}}