{"id":3692223,"date":"2025-10-13T13:50:36","date_gmt":"2025-10-13T17:50:36","guid":{"rendered":"https:\/\/stoic-curie.212-227-153-4.plesk.page\/product\/sarka-od-nehrdajuceg-celika-38-x-38-x-h43mm\/"},"modified":"2026-02-25T00:01:17","modified_gmt":"2026-02-25T00:01:17","slug":"sarka-od-nehrdajuceg-celika-38-x-38-x-h43mm","status":"publish","type":"product","link":"https:\/\/stoic-curie.212-227-153-4.plesk.page\/hr\/product\/sarka-od-nehrdajuceg-celika-38-x-38-x-h43mm\/","title":{"rendered":"\u0160arka od nehr\u0111aju\u0107eg \u010delika 38 x 38 x H43mm"},"content":{"rendered":"<p>\u0160arka od nehr\u0111aju\u0107eg \u010delika 38 x 38 x H43mm &#8211; <\/p>\n<p>Ogledalo-polirani nehr\u0111aju\u0107i \u010delik mala vrata \u0161arke u obliku kola\u010di\u0107a s kvadratnim kutovima. <\/p>\n<p>Standard = Gornja osovina \u0161arke <br \/>Centerpin = Sredi\u0161nja osovina \u0161arke <br \/>Reverse = Donja osovina \u0161arke<\/p>\n","protected":false},"excerpt":{"rendered":"<p>\u0160arka od nehr\u0111aju\u0107eg \u010delika 38 x 38 x H43mm &#8211; Ogledalo-polirani nehr\u0111aju\u0107i \u010delik mala vrata \u0161arke u obliku kola\u010di\u0107a s<\/p>\n","protected":false},"featured_media":5947187,"comment_status":"closed","ping_status":"closed","template":"","meta":[],"product_brand":[3236],"product_cat":[1711],"product_tag":[],"class_list":{"0":"post-3692223","1":"product","2":"type-product","3":"status-publish","4":"has-post-thumbnail","6":"product_brand-osculati-hr","7":"product_cat-brodske-sarke","9":"first","10":"instock","11":"shipping-taxable","12":"purchasable","13":"product-type-simple"},"_links":{"self":[{"href":"https:\/\/stoic-curie.212-227-153-4.plesk.page\/hr\/wp-json\/wp\/v2\/product\/3692223","targetHints":{"allow":["GET"]}}],"collection":[{"href":"https:\/\/stoic-curie.212-227-153-4.plesk.page\/hr\/wp-json\/wp\/v2\/product"}],"about":[{"href":"https:\/\/stoic-curie.212-227-153-4.plesk.page\/hr\/wp-json\/wp\/v2\/types\/product"}],"replies":[{"embeddable":true,"href":"https:\/\/stoic-curie.212-227-153-4.plesk.page\/hr\/wp-json\/wp\/v2\/comments?post=3692223"}],"version-history":[{"count":0,"href":"https:\/\/stoic-curie.212-227-153-4.plesk.page\/hr\/wp-json\/wp\/v2\/product\/3692223\/revisions"}],"wp:featuredmedia":[{"embeddable":true,"href":"https:\/\/stoic-curie.212-227-153-4.plesk.page\/hr\/wp-json\/wp\/v2\/media\/5947187"}],"wp:attachment":[{"href":"https:\/\/stoic-curie.212-227-153-4.plesk.page\/hr\/wp-json\/wp\/v2\/media?parent=3692223"}],"wp:term":[{"taxonomy":"product_brand","embeddable":true,"href":"https:\/\/stoic-curie.212-227-153-4.plesk.page\/hr\/wp-json\/wp\/v2\/product_brand?post=3692223"},{"taxonomy":"product_cat","embeddable":true,"href":"https:\/\/stoic-curie.212-227-153-4.plesk.page\/hr\/wp-json\/wp\/v2\/product_cat?post=3692223"},{"taxonomy":"product_tag","embeddable":true,"href":"https:\/\/stoic-curie.212-227-153-4.plesk.page\/hr\/wp-json\/wp\/v2\/product_tag?post=3692223"}],"curies":[{"name":"wp","href":"https:\/\/api.w.org\/{rel}","templated":true}]}}