{"id":3692230,"date":"2025-10-13T13:50:38","date_gmt":"2025-10-13T17:50:38","guid":{"rendered":"https:\/\/stoic-curie.212-227-153-4.plesk.page\/product\/sarka-od-nehrdajuceg-celika-70-x-37-x-h39mm\/"},"modified":"2026-02-25T00:01:17","modified_gmt":"2026-02-25T00:01:17","slug":"sarka-od-nehrdajuceg-celika-70-x-37-x-h39mm","status":"publish","type":"product","link":"https:\/\/stoic-curie.212-227-153-4.plesk.page\/hr\/product\/sarka-od-nehrdajuceg-celika-70-x-37-x-h39mm\/","title":{"rendered":"\u0160arka od nehr\u0111aju\u0107eg \u010delika 70 x 37 x H39mm"},"content":{"rendered":"<p>\u0160arka od nehr\u0111aju\u0107eg \u010delika 70 x 37 x H39mm &#8211; <\/p>\n<p>Glade ivice, ogledalo-polirani nehr\u0111aju\u0107i \u010delik srednje kratkih bo\u010dnih \u0161arki. Standard = Gornja \u0161arka s kasetom Centar = Sredi\u0161nja \u0161arka s kasetom<\/p>\n","protected":false},"excerpt":{"rendered":"<p>\u0160arka od nehr\u0111aju\u0107eg \u010delika 70 x 37 x H39mm &#8211; Glade ivice, ogledalo-polirani nehr\u0111aju\u0107i \u010delik srednje kratkih bo\u010dnih \u0161arki. Standard<\/p>\n","protected":false},"featured_media":5947196,"comment_status":"closed","ping_status":"closed","template":"","meta":[],"product_brand":[3236],"product_cat":[1711],"product_tag":[],"class_list":{"0":"post-3692230","1":"product","2":"type-product","3":"status-publish","4":"has-post-thumbnail","6":"product_brand-osculati-hr","7":"product_cat-brodske-sarke","9":"first","10":"instock","11":"shipping-taxable","12":"purchasable","13":"product-type-simple"},"_links":{"self":[{"href":"https:\/\/stoic-curie.212-227-153-4.plesk.page\/hr\/wp-json\/wp\/v2\/product\/3692230","targetHints":{"allow":["GET"]}}],"collection":[{"href":"https:\/\/stoic-curie.212-227-153-4.plesk.page\/hr\/wp-json\/wp\/v2\/product"}],"about":[{"href":"https:\/\/stoic-curie.212-227-153-4.plesk.page\/hr\/wp-json\/wp\/v2\/types\/product"}],"replies":[{"embeddable":true,"href":"https:\/\/stoic-curie.212-227-153-4.plesk.page\/hr\/wp-json\/wp\/v2\/comments?post=3692230"}],"version-history":[{"count":0,"href":"https:\/\/stoic-curie.212-227-153-4.plesk.page\/hr\/wp-json\/wp\/v2\/product\/3692230\/revisions"}],"wp:featuredmedia":[{"embeddable":true,"href":"https:\/\/stoic-curie.212-227-153-4.plesk.page\/hr\/wp-json\/wp\/v2\/media\/5947196"}],"wp:attachment":[{"href":"https:\/\/stoic-curie.212-227-153-4.plesk.page\/hr\/wp-json\/wp\/v2\/media?parent=3692230"}],"wp:term":[{"taxonomy":"product_brand","embeddable":true,"href":"https:\/\/stoic-curie.212-227-153-4.plesk.page\/hr\/wp-json\/wp\/v2\/product_brand?post=3692230"},{"taxonomy":"product_cat","embeddable":true,"href":"https:\/\/stoic-curie.212-227-153-4.plesk.page\/hr\/wp-json\/wp\/v2\/product_cat?post=3692230"},{"taxonomy":"product_tag","embeddable":true,"href":"https:\/\/stoic-curie.212-227-153-4.plesk.page\/hr\/wp-json\/wp\/v2\/product_tag?post=3692230"}],"curies":[{"name":"wp","href":"https:\/\/api.w.org\/{rel}","templated":true}]}}