{"id":3692231,"date":"2025-10-13T13:50:38","date_gmt":"2025-10-13T17:50:38","guid":{"rendered":"https:\/\/stoic-curie.212-227-153-4.plesk.page\/product\/kvadratni-samodrzeci-sarnir-38x38\/"},"modified":"2026-02-25T00:01:17","modified_gmt":"2026-02-25T00:01:17","slug":"kvadratni-samodrzeci-sarnir-38x38","status":"publish","type":"product","link":"https:\/\/stoic-curie.212-227-153-4.plesk.page\/hr\/product\/kvadratni-samodrzeci-sarnir-38x38\/","title":{"rendered":"Kvadratni samodr\u017eeci \u0160arnir 38&#215;38"},"content":{"rendered":"<p>Kvadratni samodr\u017eeci \u0160arnir 38&#215;38 &#8211; <\/p>\n<p>Roca \u010deli\u010dna inox \u0161arku s GEM bron\u010danim le\u017eajevima. Dizajnirana za morsku okolinu, omogu\u0107ava otvaranje i zatvaranje vrata, poklopaca i ormari\u0107a bez udara i o\u0161te\u0107enja od zazora ili udaraca vjetra. Moment trenja mo\u017ee se prilagoditi imbus-\u0161arafu na \u010depu, \u010dime se pove\u0107ava njegova u\u010dinkovitost.<\/p>\n","protected":false},"excerpt":{"rendered":"<p>Kvadratni samodr\u017eeci \u0160arnir 38&#215;38 &#8211; Roca \u010deli\u010dna inox \u0161arku s GEM bron\u010danim le\u017eajevima. Dizajnirana za morsku okolinu, omogu\u0107ava otvaranje i<\/p>\n","protected":false},"featured_media":5947198,"comment_status":"closed","ping_status":"closed","template":"","meta":[],"product_brand":[3316],"product_cat":[1711],"product_tag":[],"class_list":{"0":"post-3692231","1":"product","2":"type-product","3":"status-publish","4":"has-post-thumbnail","6":"product_brand-roca-marine-hr","7":"product_cat-brodske-sarke","9":"first","10":"instock","11":"shipping-taxable","12":"purchasable","13":"product-type-simple"},"_links":{"self":[{"href":"https:\/\/stoic-curie.212-227-153-4.plesk.page\/hr\/wp-json\/wp\/v2\/product\/3692231","targetHints":{"allow":["GET"]}}],"collection":[{"href":"https:\/\/stoic-curie.212-227-153-4.plesk.page\/hr\/wp-json\/wp\/v2\/product"}],"about":[{"href":"https:\/\/stoic-curie.212-227-153-4.plesk.page\/hr\/wp-json\/wp\/v2\/types\/product"}],"replies":[{"embeddable":true,"href":"https:\/\/stoic-curie.212-227-153-4.plesk.page\/hr\/wp-json\/wp\/v2\/comments?post=3692231"}],"version-history":[{"count":0,"href":"https:\/\/stoic-curie.212-227-153-4.plesk.page\/hr\/wp-json\/wp\/v2\/product\/3692231\/revisions"}],"wp:featuredmedia":[{"embeddable":true,"href":"https:\/\/stoic-curie.212-227-153-4.plesk.page\/hr\/wp-json\/wp\/v2\/media\/5947198"}],"wp:attachment":[{"href":"https:\/\/stoic-curie.212-227-153-4.plesk.page\/hr\/wp-json\/wp\/v2\/media?parent=3692231"}],"wp:term":[{"taxonomy":"product_brand","embeddable":true,"href":"https:\/\/stoic-curie.212-227-153-4.plesk.page\/hr\/wp-json\/wp\/v2\/product_brand?post=3692231"},{"taxonomy":"product_cat","embeddable":true,"href":"https:\/\/stoic-curie.212-227-153-4.plesk.page\/hr\/wp-json\/wp\/v2\/product_cat?post=3692231"},{"taxonomy":"product_tag","embeddable":true,"href":"https:\/\/stoic-curie.212-227-153-4.plesk.page\/hr\/wp-json\/wp\/v2\/product_tag?post=3692231"}],"curies":[{"name":"wp","href":"https:\/\/api.w.org\/{rel}","templated":true}]}}