{"id":3692234,"date":"2025-10-13T13:50:39","date_gmt":"2025-10-13T17:50:39","guid":{"rendered":"https:\/\/stoic-curie.212-227-153-4.plesk.page\/product\/samodrzeci-sarnir-keks-38x76-ref-reverse\/"},"modified":"2026-02-25T00:01:17","modified_gmt":"2026-02-25T00:01:17","slug":"samodrzeci-sarnir-keks-38x76-ref-reverse","status":"publish","type":"product","link":"https:\/\/stoic-curie.212-227-153-4.plesk.page\/hr\/product\/samodrzeci-sarnir-keks-38x76-ref-reverse\/","title":{"rendered":"Samodr\u017eeci \u0161arnir keks 38&#215;76 ref reverse"},"content":{"rendered":"<p>Samodr\u017eeci \u0161arnir keks 38&#215;76 ref reverse  &#8211; <\/p>\n<p>Roca \u010deli\u010dna \u0161arka s GEM bron\u010danim le\u017eajevima. Dizajnirana za morsku sredinu, omogu\u0107uje otvaranje i zatvaranje vrata, poklopaca i ormari\u0107a bez udarca i o\u0161te\u0107enja uzrokovanih slobodnim hodom ili rafalama vjetra. Moment trenja mo\u017ee se prilagoditi imbus vijakom na klinu, \u010dime se pove\u0107ava njegova u\u010dinkovitost.<\/p>\n","protected":false},"excerpt":{"rendered":"<p>Samodr\u017eeci \u0161arnir keks 38&#215;76 ref reverse &#8211; Roca \u010deli\u010dna \u0161arka s GEM bron\u010danim le\u017eajevima. Dizajnirana za morsku sredinu, omogu\u0107uje otvaranje<\/p>\n","protected":false},"featured_media":5947204,"comment_status":"closed","ping_status":"closed","template":"","meta":[],"product_brand":[3316],"product_cat":[1711],"product_tag":[],"class_list":{"0":"post-3692234","1":"product","2":"type-product","3":"status-publish","4":"has-post-thumbnail","6":"product_brand-roca-marine-hr","7":"product_cat-brodske-sarke","9":"first","10":"instock","11":"shipping-taxable","12":"purchasable","13":"product-type-simple"},"_links":{"self":[{"href":"https:\/\/stoic-curie.212-227-153-4.plesk.page\/hr\/wp-json\/wp\/v2\/product\/3692234","targetHints":{"allow":["GET"]}}],"collection":[{"href":"https:\/\/stoic-curie.212-227-153-4.plesk.page\/hr\/wp-json\/wp\/v2\/product"}],"about":[{"href":"https:\/\/stoic-curie.212-227-153-4.plesk.page\/hr\/wp-json\/wp\/v2\/types\/product"}],"replies":[{"embeddable":true,"href":"https:\/\/stoic-curie.212-227-153-4.plesk.page\/hr\/wp-json\/wp\/v2\/comments?post=3692234"}],"version-history":[{"count":0,"href":"https:\/\/stoic-curie.212-227-153-4.plesk.page\/hr\/wp-json\/wp\/v2\/product\/3692234\/revisions"}],"wp:featuredmedia":[{"embeddable":true,"href":"https:\/\/stoic-curie.212-227-153-4.plesk.page\/hr\/wp-json\/wp\/v2\/media\/5947204"}],"wp:attachment":[{"href":"https:\/\/stoic-curie.212-227-153-4.plesk.page\/hr\/wp-json\/wp\/v2\/media?parent=3692234"}],"wp:term":[{"taxonomy":"product_brand","embeddable":true,"href":"https:\/\/stoic-curie.212-227-153-4.plesk.page\/hr\/wp-json\/wp\/v2\/product_brand?post=3692234"},{"taxonomy":"product_cat","embeddable":true,"href":"https:\/\/stoic-curie.212-227-153-4.plesk.page\/hr\/wp-json\/wp\/v2\/product_cat?post=3692234"},{"taxonomy":"product_tag","embeddable":true,"href":"https:\/\/stoic-curie.212-227-153-4.plesk.page\/hr\/wp-json\/wp\/v2\/product_tag?post=3692234"}],"curies":[{"name":"wp","href":"https:\/\/api.w.org\/{rel}","templated":true}]}}