{"id":3692236,"date":"2025-10-13T13:50:40","date_gmt":"2025-10-13T17:50:40","guid":{"rendered":"https:\/\/stoic-curie.212-227-153-4.plesk.page\/product\/tarne-sarke-od-nehrdajuceg-celika-76-x-42-mm\/"},"modified":"2026-02-25T00:01:17","modified_gmt":"2026-02-25T00:01:17","slug":"tarne-sarke-od-nehrdajuceg-celika-76-x-42-mm","status":"publish","type":"product","link":"https:\/\/stoic-curie.212-227-153-4.plesk.page\/hr\/product\/tarne-sarke-od-nehrdajuceg-celika-76-x-42-mm\/","title":{"rendered":"Tarne \u0161arke od nehr\u0111aju\u0107eg \u010delika 76 x 42 mm"},"content":{"rendered":"<p>Tarne \u0161arke od nehr\u0111aju\u0107eg \u010delika 76 x 42 mm &#8211; <\/p>\n<p>A4 316 nehr\u0111aju\u0107i \u010delik frikcijski zahvat s momentom od 1,6 Nm i komponentama protiv vibracija. Omogu\u0107uje otvaranje i zatvaranje vrata, poklopaca i ormari\u0107a bez udaraca i o\u0161te\u0107enja uzrokovanih bo\u010dnim pomakom ili udarima vjetra.<\/p>\n","protected":false},"excerpt":{"rendered":"<p>Tarne \u0161arke od nehr\u0111aju\u0107eg \u010delika 76 x 42 mm &#8211; A4 316 nehr\u0111aju\u0107i \u010delik frikcijski zahvat s momentom od 1,6<\/p>\n","protected":false},"featured_media":5947212,"comment_status":"closed","ping_status":"closed","template":"","meta":[],"product_brand":[3236],"product_cat":[1711],"product_tag":[],"class_list":{"0":"post-3692236","1":"product","2":"type-product","3":"status-publish","4":"has-post-thumbnail","6":"product_brand-osculati-hr","7":"product_cat-brodske-sarke","9":"first","10":"instock","11":"shipping-taxable","12":"purchasable","13":"product-type-simple"},"_links":{"self":[{"href":"https:\/\/stoic-curie.212-227-153-4.plesk.page\/hr\/wp-json\/wp\/v2\/product\/3692236","targetHints":{"allow":["GET"]}}],"collection":[{"href":"https:\/\/stoic-curie.212-227-153-4.plesk.page\/hr\/wp-json\/wp\/v2\/product"}],"about":[{"href":"https:\/\/stoic-curie.212-227-153-4.plesk.page\/hr\/wp-json\/wp\/v2\/types\/product"}],"replies":[{"embeddable":true,"href":"https:\/\/stoic-curie.212-227-153-4.plesk.page\/hr\/wp-json\/wp\/v2\/comments?post=3692236"}],"version-history":[{"count":0,"href":"https:\/\/stoic-curie.212-227-153-4.plesk.page\/hr\/wp-json\/wp\/v2\/product\/3692236\/revisions"}],"wp:featuredmedia":[{"embeddable":true,"href":"https:\/\/stoic-curie.212-227-153-4.plesk.page\/hr\/wp-json\/wp\/v2\/media\/5947212"}],"wp:attachment":[{"href":"https:\/\/stoic-curie.212-227-153-4.plesk.page\/hr\/wp-json\/wp\/v2\/media?parent=3692236"}],"wp:term":[{"taxonomy":"product_brand","embeddable":true,"href":"https:\/\/stoic-curie.212-227-153-4.plesk.page\/hr\/wp-json\/wp\/v2\/product_brand?post=3692236"},{"taxonomy":"product_cat","embeddable":true,"href":"https:\/\/stoic-curie.212-227-153-4.plesk.page\/hr\/wp-json\/wp\/v2\/product_cat?post=3692236"},{"taxonomy":"product_tag","embeddable":true,"href":"https:\/\/stoic-curie.212-227-153-4.plesk.page\/hr\/wp-json\/wp\/v2\/product_tag?post=3692236"}],"curies":[{"name":"wp","href":"https:\/\/api.w.org\/{rel}","templated":true}]}}