{"id":3692247,"date":"2025-10-13T13:50:43","date_gmt":"2025-10-13T17:50:43","guid":{"rendered":"https:\/\/stoic-curie.212-227-153-4.plesk.page\/product\/blister-8kom-nehrdajuci-vijci-din912-4-x-20mm-s-maticama\/"},"modified":"2026-02-25T00:01:17","modified_gmt":"2026-02-25T00:01:17","slug":"blister-8kom-nehrdajuci-vijci-din912-4-x-20mm-s-maticama","status":"publish","type":"product","link":"https:\/\/stoic-curie.212-227-153-4.plesk.page\/hr\/product\/blister-8kom-nehrdajuci-vijci-din912-4-x-20mm-s-maticama\/","title":{"rendered":"Blister 8kom Nehr\u0111aju\u0107i vijci Din912 4 x 20mm s maticama"},"content":{"rendered":"<p>Blister 8kom Nehr\u0111aju\u0107i vijci Din912 4 x 20mm s maticama &#8211; <\/p>\n<p>Vijke s okruglom glavom DIN 912 A4 od nehr\u0111aju\u0107eg \u010delika. Dolaze u prakti\u010dnoj i elegantnoj blister ambala\u017ei, zajedno s maticama.<\/p>\n","protected":false},"excerpt":{"rendered":"<p>Blister 8kom Nehr\u0111aju\u0107i vijci Din912 4 x 20mm s maticama &#8211; Vijke s okruglom glavom DIN 912 A4 od nehr\u0111aju\u0107eg<\/p>\n","protected":false},"featured_media":5947228,"comment_status":"closed","ping_status":"closed","template":"","meta":[],"product_brand":[3121],"product_cat":[1713],"product_tag":[],"class_list":{"0":"post-3692247","1":"product","2":"type-product","3":"status-publish","4":"has-post-thumbnail","6":"product_brand-marinetech-hr","7":"product_cat-din-912-vijci-od-nehrdajuceg-celika","9":"first","10":"instock","11":"shipping-taxable","12":"purchasable","13":"product-type-simple"},"_links":{"self":[{"href":"https:\/\/stoic-curie.212-227-153-4.plesk.page\/hr\/wp-json\/wp\/v2\/product\/3692247","targetHints":{"allow":["GET"]}}],"collection":[{"href":"https:\/\/stoic-curie.212-227-153-4.plesk.page\/hr\/wp-json\/wp\/v2\/product"}],"about":[{"href":"https:\/\/stoic-curie.212-227-153-4.plesk.page\/hr\/wp-json\/wp\/v2\/types\/product"}],"replies":[{"embeddable":true,"href":"https:\/\/stoic-curie.212-227-153-4.plesk.page\/hr\/wp-json\/wp\/v2\/comments?post=3692247"}],"version-history":[{"count":0,"href":"https:\/\/stoic-curie.212-227-153-4.plesk.page\/hr\/wp-json\/wp\/v2\/product\/3692247\/revisions"}],"wp:featuredmedia":[{"embeddable":true,"href":"https:\/\/stoic-curie.212-227-153-4.plesk.page\/hr\/wp-json\/wp\/v2\/media\/5947228"}],"wp:attachment":[{"href":"https:\/\/stoic-curie.212-227-153-4.plesk.page\/hr\/wp-json\/wp\/v2\/media?parent=3692247"}],"wp:term":[{"taxonomy":"product_brand","embeddable":true,"href":"https:\/\/stoic-curie.212-227-153-4.plesk.page\/hr\/wp-json\/wp\/v2\/product_brand?post=3692247"},{"taxonomy":"product_cat","embeddable":true,"href":"https:\/\/stoic-curie.212-227-153-4.plesk.page\/hr\/wp-json\/wp\/v2\/product_cat?post=3692247"},{"taxonomy":"product_tag","embeddable":true,"href":"https:\/\/stoic-curie.212-227-153-4.plesk.page\/hr\/wp-json\/wp\/v2\/product_tag?post=3692247"}],"curies":[{"name":"wp","href":"https:\/\/api.w.org\/{rel}","templated":true}]}}