{"id":3692276,"date":"2025-10-13T13:50:51","date_gmt":"2025-10-13T17:50:51","guid":{"rendered":"https:\/\/stoic-curie.212-227-153-4.plesk.page\/product\/blister-20kom-nehrdajuce-podloske-8mm-din-127\/"},"modified":"2026-02-25T00:01:17","modified_gmt":"2026-02-25T00:01:17","slug":"blister-20kom-nehrdajuce-podloske-8mm-din-127","status":"publish","type":"product","link":"https:\/\/stoic-curie.212-227-153-4.plesk.page\/hr\/product\/blister-20kom-nehrdajuce-podloske-8mm-din-127\/","title":{"rendered":"Blister 20kom Nehr\u0111aju\u0107e podlo\u0161ke 8mm Din 127"},"content":{"rendered":"<p>Blister 20kom Nehr\u0111aju\u0107e podlo\u0161ke 8mm Din 127 &#8211; <\/p>\n<p>Inox DIN 127 A4 podlo\u0161ke. U prakti\u010dnom i elegantnom blister pakiranju.<\/p>\n","protected":false},"excerpt":{"rendered":"<p>Blister 20kom Nehr\u0111aju\u0107e podlo\u0161ke 8mm Din 127 &#8211; Inox DIN 127 A4 podlo\u0161ke. U prakti\u010dnom i elegantnom blister pakiranju.<\/p>\n","protected":false},"featured_media":5947233,"comment_status":"closed","ping_status":"closed","template":"","meta":[],"product_brand":[3121],"product_cat":[1717],"product_tag":[],"class_list":{"0":"post-3692276","1":"product","2":"type-product","3":"status-publish","4":"has-post-thumbnail","6":"product_brand-marinetech-hr","7":"product_cat-podlosci-od-nehrdajuceg-celika","9":"first","10":"outofstock","11":"shipping-taxable","12":"purchasable","13":"product-type-simple"},"_links":{"self":[{"href":"https:\/\/stoic-curie.212-227-153-4.plesk.page\/hr\/wp-json\/wp\/v2\/product\/3692276","targetHints":{"allow":["GET"]}}],"collection":[{"href":"https:\/\/stoic-curie.212-227-153-4.plesk.page\/hr\/wp-json\/wp\/v2\/product"}],"about":[{"href":"https:\/\/stoic-curie.212-227-153-4.plesk.page\/hr\/wp-json\/wp\/v2\/types\/product"}],"replies":[{"embeddable":true,"href":"https:\/\/stoic-curie.212-227-153-4.plesk.page\/hr\/wp-json\/wp\/v2\/comments?post=3692276"}],"version-history":[{"count":0,"href":"https:\/\/stoic-curie.212-227-153-4.plesk.page\/hr\/wp-json\/wp\/v2\/product\/3692276\/revisions"}],"wp:featuredmedia":[{"embeddable":true,"href":"https:\/\/stoic-curie.212-227-153-4.plesk.page\/hr\/wp-json\/wp\/v2\/media\/5947233"}],"wp:attachment":[{"href":"https:\/\/stoic-curie.212-227-153-4.plesk.page\/hr\/wp-json\/wp\/v2\/media?parent=3692276"}],"wp:term":[{"taxonomy":"product_brand","embeddable":true,"href":"https:\/\/stoic-curie.212-227-153-4.plesk.page\/hr\/wp-json\/wp\/v2\/product_brand?post=3692276"},{"taxonomy":"product_cat","embeddable":true,"href":"https:\/\/stoic-curie.212-227-153-4.plesk.page\/hr\/wp-json\/wp\/v2\/product_cat?post=3692276"},{"taxonomy":"product_tag","embeddable":true,"href":"https:\/\/stoic-curie.212-227-153-4.plesk.page\/hr\/wp-json\/wp\/v2\/product_tag?post=3692276"}],"curies":[{"name":"wp","href":"https:\/\/api.w.org\/{rel}","templated":true}]}}