{"id":3692304,"date":"2025-10-13T13:51:00","date_gmt":"2025-10-13T17:51:00","guid":{"rendered":"https:\/\/stoic-curie.212-227-153-4.plesk.page\/product\/blister-12kom-nehrdajuci-vijci-4-x-16-din-6112\/"},"modified":"2026-02-25T00:01:17","modified_gmt":"2026-02-25T00:01:17","slug":"blister-12kom-nehrdajuci-vijci-4-x-16-din-6112","status":"publish","type":"product","link":"https:\/\/stoic-curie.212-227-153-4.plesk.page\/hr\/product\/blister-12kom-nehrdajuci-vijci-4-x-16-din-6112\/","title":{"rendered":"Blister 12kom Nehr\u0111aju\u0107i vijci 4 x 16 Din 6112"},"content":{"rendered":"<p>Blister 12kom Nehr\u0111aju\u0107i vijci 4 x 16 Din 6112 &#8211; <\/p>\n<p>Nehr\u0111aju\u0107e DIN 6112 A4 \u0161arafe s ravnom glavom Phillips za ivericu. U prakti\u010dnim i elegantnim blister pakiranjima.<\/p>\n","protected":false},"excerpt":{"rendered":"<p>Blister 12kom Nehr\u0111aju\u0107i vijci 4 x 16 Din 6112 &#8211; Nehr\u0111aju\u0107e DIN 6112 A4 \u0161arafe s ravnom glavom Phillips za<\/p>\n","protected":false},"featured_media":5947236,"comment_status":"closed","ping_status":"closed","template":"","meta":[],"product_brand":[3121],"product_cat":[1722],"product_tag":[],"class_list":{"0":"post-3692304","1":"product","2":"type-product","3":"status-publish","4":"has-post-thumbnail","6":"product_brand-marinetech-hr","7":"product_cat-din-6112-vijci-od-nehrdajuceg-celika","9":"first","10":"instock","11":"shipping-taxable","12":"purchasable","13":"product-type-simple"},"_links":{"self":[{"href":"https:\/\/stoic-curie.212-227-153-4.plesk.page\/hr\/wp-json\/wp\/v2\/product\/3692304","targetHints":{"allow":["GET"]}}],"collection":[{"href":"https:\/\/stoic-curie.212-227-153-4.plesk.page\/hr\/wp-json\/wp\/v2\/product"}],"about":[{"href":"https:\/\/stoic-curie.212-227-153-4.plesk.page\/hr\/wp-json\/wp\/v2\/types\/product"}],"replies":[{"embeddable":true,"href":"https:\/\/stoic-curie.212-227-153-4.plesk.page\/hr\/wp-json\/wp\/v2\/comments?post=3692304"}],"version-history":[{"count":0,"href":"https:\/\/stoic-curie.212-227-153-4.plesk.page\/hr\/wp-json\/wp\/v2\/product\/3692304\/revisions"}],"wp:featuredmedia":[{"embeddable":true,"href":"https:\/\/stoic-curie.212-227-153-4.plesk.page\/hr\/wp-json\/wp\/v2\/media\/5947236"}],"wp:attachment":[{"href":"https:\/\/stoic-curie.212-227-153-4.plesk.page\/hr\/wp-json\/wp\/v2\/media?parent=3692304"}],"wp:term":[{"taxonomy":"product_brand","embeddable":true,"href":"https:\/\/stoic-curie.212-227-153-4.plesk.page\/hr\/wp-json\/wp\/v2\/product_brand?post=3692304"},{"taxonomy":"product_cat","embeddable":true,"href":"https:\/\/stoic-curie.212-227-153-4.plesk.page\/hr\/wp-json\/wp\/v2\/product_cat?post=3692304"},{"taxonomy":"product_tag","embeddable":true,"href":"https:\/\/stoic-curie.212-227-153-4.plesk.page\/hr\/wp-json\/wp\/v2\/product_tag?post=3692304"}],"curies":[{"name":"wp","href":"https:\/\/api.w.org\/{rel}","templated":true}]}}