{"id":3692329,"date":"2025-10-13T13:51:07","date_gmt":"2025-10-13T17:51:07","guid":{"rendered":"https:\/\/stoic-curie.212-227-153-4.plesk.page\/product\/rascjepke-din-94-inox-a4-mm-4x40-kom-5-pak\/"},"modified":"2026-02-25T00:01:17","modified_gmt":"2026-02-25T00:01:17","slug":"rascjepke-din-94-inox-a4-mm-4x40-kom-5-pak","status":"publish","type":"product","link":"https:\/\/stoic-curie.212-227-153-4.plesk.page\/hr\/product\/rascjepke-din-94-inox-a4-mm-4x40-kom-5-pak\/","title":{"rendered":"Rascjepke din 94 inox a4 mm 4&#215;40  kom 5 \/ pak"},"content":{"rendered":"<p>Rascjepke din 94 inox a4 mm 4&#215;40  kom 5 \/ pak &#8211; <\/p>\n<p>\u010cepovi DIN 94 A4 od nehr\u0111aju\u0107eg \u010delika. U prakti\u010dnom i elegantnom pakiranju blister.<\/p>\n","protected":false},"excerpt":{"rendered":"<p>Rascjepke din 94 inox a4 mm 4&#215;40 kom 5 \/ pak &#8211; \u010cepovi DIN 94 A4 od nehr\u0111aju\u0107eg \u010delika. U<\/p>\n","protected":false},"featured_media":5947239,"comment_status":"closed","ping_status":"closed","template":"","meta":[],"product_brand":[3121],"product_cat":[1765],"product_tag":[],"class_list":{"0":"post-3692329","1":"product","2":"type-product","3":"status-publish","4":"has-post-thumbnail","6":"product_brand-marinetech-hr","7":"product_cat-pribor-i-oprema-za-brodice-i-jedrilice","9":"first","10":"instock","11":"shipping-taxable","12":"purchasable","13":"product-type-simple"},"_links":{"self":[{"href":"https:\/\/stoic-curie.212-227-153-4.plesk.page\/hr\/wp-json\/wp\/v2\/product\/3692329","targetHints":{"allow":["GET"]}}],"collection":[{"href":"https:\/\/stoic-curie.212-227-153-4.plesk.page\/hr\/wp-json\/wp\/v2\/product"}],"about":[{"href":"https:\/\/stoic-curie.212-227-153-4.plesk.page\/hr\/wp-json\/wp\/v2\/types\/product"}],"replies":[{"embeddable":true,"href":"https:\/\/stoic-curie.212-227-153-4.plesk.page\/hr\/wp-json\/wp\/v2\/comments?post=3692329"}],"version-history":[{"count":0,"href":"https:\/\/stoic-curie.212-227-153-4.plesk.page\/hr\/wp-json\/wp\/v2\/product\/3692329\/revisions"}],"wp:featuredmedia":[{"embeddable":true,"href":"https:\/\/stoic-curie.212-227-153-4.plesk.page\/hr\/wp-json\/wp\/v2\/media\/5947239"}],"wp:attachment":[{"href":"https:\/\/stoic-curie.212-227-153-4.plesk.page\/hr\/wp-json\/wp\/v2\/media?parent=3692329"}],"wp:term":[{"taxonomy":"product_brand","embeddable":true,"href":"https:\/\/stoic-curie.212-227-153-4.plesk.page\/hr\/wp-json\/wp\/v2\/product_brand?post=3692329"},{"taxonomy":"product_cat","embeddable":true,"href":"https:\/\/stoic-curie.212-227-153-4.plesk.page\/hr\/wp-json\/wp\/v2\/product_cat?post=3692329"},{"taxonomy":"product_tag","embeddable":true,"href":"https:\/\/stoic-curie.212-227-153-4.plesk.page\/hr\/wp-json\/wp\/v2\/product_tag?post=3692329"}],"curies":[{"name":"wp","href":"https:\/\/api.w.org\/{rel}","templated":true}]}}