{"id":3692337,"date":"2025-10-13T13:51:09","date_gmt":"2025-10-13T17:51:09","guid":{"rendered":"https:\/\/stoic-curie.212-227-153-4.plesk.page\/product\/blister-20kom-nehrdajuce-potporne-podloske-6mm\/"},"modified":"2026-02-25T00:01:17","modified_gmt":"2026-02-25T00:01:17","slug":"blister-20kom-nehrdajuce-potporne-podloske-6mm","status":"publish","type":"product","link":"https:\/\/stoic-curie.212-227-153-4.plesk.page\/hr\/product\/blister-20kom-nehrdajuce-potporne-podloske-6mm\/","title":{"rendered":"Blister 20kom Nehr\u0111aju\u0107e potporne podlo\u0161ke 6mm"},"content":{"rendered":"<p>Blister 20kom Nehr\u0111aju\u0107e potporne podlo\u0161ke 6mm &#8211; <\/p>\n<p>A2 od nehr\u0111aju\u0107eg \u010delika podlo\u0161ke (seeger). U prakti\u010dnim i elegantnim blister pakiranjima.<\/p>\n","protected":false},"excerpt":{"rendered":"<p>Blister 20kom Nehr\u0111aju\u0107e potporne podlo\u0161ke 6mm &#8211; A2 od nehr\u0111aju\u0107eg \u010delika podlo\u0161ke (seeger). U prakti\u010dnim i elegantnim blister pakiranjima.<\/p>\n","protected":false},"featured_media":5947240,"comment_status":"closed","ping_status":"closed","template":"","meta":[],"product_brand":[3121],"product_cat":[1717],"product_tag":[],"class_list":{"0":"post-3692337","1":"product","2":"type-product","3":"status-publish","4":"has-post-thumbnail","6":"product_brand-marinetech-hr","7":"product_cat-podlosci-od-nehrdajuceg-celika","9":"first","10":"instock","11":"shipping-taxable","12":"purchasable","13":"product-type-simple"},"_links":{"self":[{"href":"https:\/\/stoic-curie.212-227-153-4.plesk.page\/hr\/wp-json\/wp\/v2\/product\/3692337","targetHints":{"allow":["GET"]}}],"collection":[{"href":"https:\/\/stoic-curie.212-227-153-4.plesk.page\/hr\/wp-json\/wp\/v2\/product"}],"about":[{"href":"https:\/\/stoic-curie.212-227-153-4.plesk.page\/hr\/wp-json\/wp\/v2\/types\/product"}],"replies":[{"embeddable":true,"href":"https:\/\/stoic-curie.212-227-153-4.plesk.page\/hr\/wp-json\/wp\/v2\/comments?post=3692337"}],"version-history":[{"count":0,"href":"https:\/\/stoic-curie.212-227-153-4.plesk.page\/hr\/wp-json\/wp\/v2\/product\/3692337\/revisions"}],"wp:featuredmedia":[{"embeddable":true,"href":"https:\/\/stoic-curie.212-227-153-4.plesk.page\/hr\/wp-json\/wp\/v2\/media\/5947240"}],"wp:attachment":[{"href":"https:\/\/stoic-curie.212-227-153-4.plesk.page\/hr\/wp-json\/wp\/v2\/media?parent=3692337"}],"wp:term":[{"taxonomy":"product_brand","embeddable":true,"href":"https:\/\/stoic-curie.212-227-153-4.plesk.page\/hr\/wp-json\/wp\/v2\/product_brand?post=3692337"},{"taxonomy":"product_cat","embeddable":true,"href":"https:\/\/stoic-curie.212-227-153-4.plesk.page\/hr\/wp-json\/wp\/v2\/product_cat?post=3692337"},{"taxonomy":"product_tag","embeddable":true,"href":"https:\/\/stoic-curie.212-227-153-4.plesk.page\/hr\/wp-json\/wp\/v2\/product_tag?post=3692337"}],"curies":[{"name":"wp","href":"https:\/\/api.w.org\/{rel}","templated":true}]}}