{"id":3692351,"date":"2025-10-13T13:51:13","date_gmt":"2025-10-13T17:51:13","guid":{"rendered":"https:\/\/stoic-curie.212-227-153-4.plesk.page\/product\/modularni-natezac-t-terminal-nehrdajuci-celik-r-m6-celicno-uze-3mm\/"},"modified":"2026-02-25T00:01:17","modified_gmt":"2026-02-25T00:01:17","slug":"modularni-natezac-t-terminal-nehrdajuci-celik-r-m6-celicno-uze-3mm","status":"publish","type":"product","link":"https:\/\/stoic-curie.212-227-153-4.plesk.page\/hr\/product\/modularni-natezac-t-terminal-nehrdajuci-celik-r-m6-celicno-uze-3mm\/","title":{"rendered":"Modularni nateza\u010d &#8211; T-Terminal, nehr\u0111aju\u0107i \u010delik R M6 \u010deli\u010dno u\u017ee 3mm"},"content":{"rendered":"<p>Modularni nateza\u010d &#8211; T-Terminal, nehr\u0111aju\u0107i \u010delik R M6 \u010deli\u010dno u\u017ee 3mm &#8211; <\/p>\n<p>Modularni u\u010dvr\u0161\u0107iva\u010di MTM od nehr\u0111aju\u0107eg \u010delika 316. Komponente se moraju kupiti odvojeno za sastavljanje \u017eeljenog napin\u010da. L = Lijevi navoj R = Desni navoj<\/p>\n","protected":false},"excerpt":{"rendered":"<p>Modularni nateza\u010d &#8211; T-Terminal, nehr\u0111aju\u0107i \u010delik R M6 \u010deli\u010dno u\u017ee 3mm &#8211; Modularni u\u010dvr\u0161\u0107iva\u010di MTM od nehr\u0111aju\u0107eg \u010delika 316. Komponente<\/p>\n","protected":false},"featured_media":5947257,"comment_status":"closed","ping_status":"closed","template":"","meta":[],"product_brand":[3121],"product_cat":[1757,1701],"product_tag":[],"class_list":{"0":"post-3692351","1":"product","2":"type-product","3":"status-publish","4":"has-post-thumbnail","6":"product_brand-marinetech-hr","7":"product_cat-rucice-za-zatezanje-pripona","8":"product_cat-zatezaci-celicnog-uzeta","10":"first","11":"instock","12":"shipping-taxable","13":"purchasable","14":"product-type-simple"},"_links":{"self":[{"href":"https:\/\/stoic-curie.212-227-153-4.plesk.page\/hr\/wp-json\/wp\/v2\/product\/3692351","targetHints":{"allow":["GET"]}}],"collection":[{"href":"https:\/\/stoic-curie.212-227-153-4.plesk.page\/hr\/wp-json\/wp\/v2\/product"}],"about":[{"href":"https:\/\/stoic-curie.212-227-153-4.plesk.page\/hr\/wp-json\/wp\/v2\/types\/product"}],"replies":[{"embeddable":true,"href":"https:\/\/stoic-curie.212-227-153-4.plesk.page\/hr\/wp-json\/wp\/v2\/comments?post=3692351"}],"version-history":[{"count":0,"href":"https:\/\/stoic-curie.212-227-153-4.plesk.page\/hr\/wp-json\/wp\/v2\/product\/3692351\/revisions"}],"wp:featuredmedia":[{"embeddable":true,"href":"https:\/\/stoic-curie.212-227-153-4.plesk.page\/hr\/wp-json\/wp\/v2\/media\/5947257"}],"wp:attachment":[{"href":"https:\/\/stoic-curie.212-227-153-4.plesk.page\/hr\/wp-json\/wp\/v2\/media?parent=3692351"}],"wp:term":[{"taxonomy":"product_brand","embeddable":true,"href":"https:\/\/stoic-curie.212-227-153-4.plesk.page\/hr\/wp-json\/wp\/v2\/product_brand?post=3692351"},{"taxonomy":"product_cat","embeddable":true,"href":"https:\/\/stoic-curie.212-227-153-4.plesk.page\/hr\/wp-json\/wp\/v2\/product_cat?post=3692351"},{"taxonomy":"product_tag","embeddable":true,"href":"https:\/\/stoic-curie.212-227-153-4.plesk.page\/hr\/wp-json\/wp\/v2\/product_tag?post=3692351"}],"curies":[{"name":"wp","href":"https:\/\/api.w.org\/{rel}","templated":true}]}}