{"id":3692363,"date":"2025-10-13T13:51:16","date_gmt":"2025-10-13T17:51:16","guid":{"rendered":"https:\/\/stoic-curie.212-227-153-4.plesk.page\/product\/nehrdajuca-brodska-kuka-28-mm\/"},"modified":"2026-02-25T00:01:17","modified_gmt":"2026-02-25T00:01:17","slug":"nehrdajuca-brodska-kuka-28-mm","status":"publish","type":"product","link":"https:\/\/stoic-curie.212-227-153-4.plesk.page\/hr\/product\/nehrdajuca-brodska-kuka-28-mm\/","title":{"rendered":"Nehr\u0111aju\u0107a brodska kuka 28 mm"},"content":{"rendered":"<p>Nehr\u0111aju\u0107a brodska kuka 28 mm &#8211; <\/p>\n<p>Vrhunac vodenog kapa od 316 nehr\u0111aju\u0107eg \u010delika.<\/p>\n","protected":false},"excerpt":{"rendered":"<p>Nehr\u0111aju\u0107a brodska kuka 28 mm &#8211; Vrhunac vodenog kapa od 316 nehr\u0111aju\u0107eg \u010delika.<\/p>\n","protected":false},"featured_media":5947266,"comment_status":"closed","ping_status":"closed","template":"","meta":[],"product_brand":[2836],"product_cat":[1616],"product_tag":[],"class_list":{"0":"post-3692363","1":"product","2":"type-product","3":"status-publish","4":"has-post-thumbnail","6":"product_brand-boatasy-hr","7":"product_cat-kuke-za-privez-i-pristajanje","9":"first","10":"instock","11":"shipping-taxable","12":"purchasable","13":"product-type-simple"},"_links":{"self":[{"href":"https:\/\/stoic-curie.212-227-153-4.plesk.page\/hr\/wp-json\/wp\/v2\/product\/3692363","targetHints":{"allow":["GET"]}}],"collection":[{"href":"https:\/\/stoic-curie.212-227-153-4.plesk.page\/hr\/wp-json\/wp\/v2\/product"}],"about":[{"href":"https:\/\/stoic-curie.212-227-153-4.plesk.page\/hr\/wp-json\/wp\/v2\/types\/product"}],"replies":[{"embeddable":true,"href":"https:\/\/stoic-curie.212-227-153-4.plesk.page\/hr\/wp-json\/wp\/v2\/comments?post=3692363"}],"version-history":[{"count":0,"href":"https:\/\/stoic-curie.212-227-153-4.plesk.page\/hr\/wp-json\/wp\/v2\/product\/3692363\/revisions"}],"wp:featuredmedia":[{"embeddable":true,"href":"https:\/\/stoic-curie.212-227-153-4.plesk.page\/hr\/wp-json\/wp\/v2\/media\/5947266"}],"wp:attachment":[{"href":"https:\/\/stoic-curie.212-227-153-4.plesk.page\/hr\/wp-json\/wp\/v2\/media?parent=3692363"}],"wp:term":[{"taxonomy":"product_brand","embeddable":true,"href":"https:\/\/stoic-curie.212-227-153-4.plesk.page\/hr\/wp-json\/wp\/v2\/product_brand?post=3692363"},{"taxonomy":"product_cat","embeddable":true,"href":"https:\/\/stoic-curie.212-227-153-4.plesk.page\/hr\/wp-json\/wp\/v2\/product_cat?post=3692363"},{"taxonomy":"product_tag","embeddable":true,"href":"https:\/\/stoic-curie.212-227-153-4.plesk.page\/hr\/wp-json\/wp\/v2\/product_tag?post=3692363"}],"curies":[{"name":"wp","href":"https:\/\/api.w.org\/{rel}","templated":true}]}}