{"id":3692366,"date":"2025-10-13T13:51:17","date_gmt":"2025-10-13T17:51:17","guid":{"rendered":"https:\/\/stoic-curie.212-227-153-4.plesk.page\/product\/utor-za-drzac-vesla-za-44mm\/"},"modified":"2026-02-25T00:01:17","modified_gmt":"2026-02-25T00:01:17","slug":"utor-za-drzac-vesla-za-44mm","status":"publish","type":"product","link":"https:\/\/stoic-curie.212-227-153-4.plesk.page\/hr\/product\/utor-za-drzac-vesla-za-44mm\/","title":{"rendered":"Utor za dr\u017ea\u010d vesla za 44mm"},"content":{"rendered":"<p>Utor za dr\u017ea\u010d vesla za 44mm &#8211; <\/p>\n<p>\u010cvrsta gumena navlaka za vesla Lahna.<\/p>\n","protected":false},"excerpt":{"rendered":"<p>Utor za dr\u017ea\u010d vesla za 44mm &#8211; \u010cvrsta gumena navlaka za vesla Lahna.<\/p>\n","protected":false},"featured_media":5947271,"comment_status":"closed","ping_status":"closed","template":"","meta":[],"product_brand":[3061],"product_cat":[1836],"product_tag":[],"class_list":{"0":"post-3692366","1":"product","2":"type-product","3":"status-publish","4":"has-post-thumbnail","6":"product_brand-lahna-hr","7":"product_cat-vesla","9":"first","10":"instock","11":"shipping-taxable","12":"purchasable","13":"product-type-simple"},"_links":{"self":[{"href":"https:\/\/stoic-curie.212-227-153-4.plesk.page\/hr\/wp-json\/wp\/v2\/product\/3692366","targetHints":{"allow":["GET"]}}],"collection":[{"href":"https:\/\/stoic-curie.212-227-153-4.plesk.page\/hr\/wp-json\/wp\/v2\/product"}],"about":[{"href":"https:\/\/stoic-curie.212-227-153-4.plesk.page\/hr\/wp-json\/wp\/v2\/types\/product"}],"replies":[{"embeddable":true,"href":"https:\/\/stoic-curie.212-227-153-4.plesk.page\/hr\/wp-json\/wp\/v2\/comments?post=3692366"}],"version-history":[{"count":0,"href":"https:\/\/stoic-curie.212-227-153-4.plesk.page\/hr\/wp-json\/wp\/v2\/product\/3692366\/revisions"}],"wp:featuredmedia":[{"embeddable":true,"href":"https:\/\/stoic-curie.212-227-153-4.plesk.page\/hr\/wp-json\/wp\/v2\/media\/5947271"}],"wp:attachment":[{"href":"https:\/\/stoic-curie.212-227-153-4.plesk.page\/hr\/wp-json\/wp\/v2\/media?parent=3692366"}],"wp:term":[{"taxonomy":"product_brand","embeddable":true,"href":"https:\/\/stoic-curie.212-227-153-4.plesk.page\/hr\/wp-json\/wp\/v2\/product_brand?post=3692366"},{"taxonomy":"product_cat","embeddable":true,"href":"https:\/\/stoic-curie.212-227-153-4.plesk.page\/hr\/wp-json\/wp\/v2\/product_cat?post=3692366"},{"taxonomy":"product_tag","embeddable":true,"href":"https:\/\/stoic-curie.212-227-153-4.plesk.page\/hr\/wp-json\/wp\/v2\/product_tag?post=3692366"}],"curies":[{"name":"wp","href":"https:\/\/api.w.org\/{rel}","templated":true}]}}