{"id":3692376,"date":"2025-10-13T13:51:18","date_gmt":"2025-10-13T17:51:18","guid":{"rendered":"https:\/\/stoic-curie.212-227-153-4.plesk.page\/product\/aluminijske-sarke-za-sjedala-254-x-203-mm-0846012\/"},"modified":"2026-02-25T00:01:17","modified_gmt":"2026-02-25T00:01:17","slug":"aluminijske-sarke-za-sjedala-254-x-203-mm-0846012","status":"publish","type":"product","link":"https:\/\/stoic-curie.212-227-153-4.plesk.page\/hr\/product\/aluminijske-sarke-za-sjedala-254-x-203-mm-0846012\/","title":{"rendered":"Aluminijske \u0161arke za sjedala 254 x 203 mm (0846012)"},"content":{"rendered":"<p>Aluminijske \u0161arke za sjedala 254 x 203 mm (0846012) &#8211; <\/p>\n<p>Anodizirana aluminijska \u0161arkica sjedala s osovinom od nehr\u0111aju\u0107eg \u010delika. 0846011 i 0846012 opremljeni su sustavom koji sprje\u010dava stiskanje prstiju prilikom zatvaranja sjedala. Nadalje, 0846012 se mo\u017ee potpuno preklopiti do 180\u00c2\u00b0.<\/p>\n","protected":false},"excerpt":{"rendered":"<p>Aluminijske \u0161arke za sjedala 254 x 203 mm (0846012) &#8211; Anodizirana aluminijska \u0161arkica sjedala s osovinom od nehr\u0111aju\u0107eg \u010delika. 0846011<\/p>\n","protected":false},"featured_media":5947283,"comment_status":"closed","ping_status":"closed","template":"","meta":[],"product_brand":[2966],"product_cat":[1678],"product_tag":[],"class_list":{"0":"post-3692376","1":"product","2":"type-product","3":"status-publish","4":"has-post-thumbnail","6":"product_brand-garelick-hr","7":"product_cat-brodska-sjedala","9":"first","10":"instock","11":"shipping-taxable","12":"purchasable","13":"product-type-simple"},"_links":{"self":[{"href":"https:\/\/stoic-curie.212-227-153-4.plesk.page\/hr\/wp-json\/wp\/v2\/product\/3692376","targetHints":{"allow":["GET"]}}],"collection":[{"href":"https:\/\/stoic-curie.212-227-153-4.plesk.page\/hr\/wp-json\/wp\/v2\/product"}],"about":[{"href":"https:\/\/stoic-curie.212-227-153-4.plesk.page\/hr\/wp-json\/wp\/v2\/types\/product"}],"replies":[{"embeddable":true,"href":"https:\/\/stoic-curie.212-227-153-4.plesk.page\/hr\/wp-json\/wp\/v2\/comments?post=3692376"}],"version-history":[{"count":0,"href":"https:\/\/stoic-curie.212-227-153-4.plesk.page\/hr\/wp-json\/wp\/v2\/product\/3692376\/revisions"}],"wp:featuredmedia":[{"embeddable":true,"href":"https:\/\/stoic-curie.212-227-153-4.plesk.page\/hr\/wp-json\/wp\/v2\/media\/5947283"}],"wp:attachment":[{"href":"https:\/\/stoic-curie.212-227-153-4.plesk.page\/hr\/wp-json\/wp\/v2\/media?parent=3692376"}],"wp:term":[{"taxonomy":"product_brand","embeddable":true,"href":"https:\/\/stoic-curie.212-227-153-4.plesk.page\/hr\/wp-json\/wp\/v2\/product_brand?post=3692376"},{"taxonomy":"product_cat","embeddable":true,"href":"https:\/\/stoic-curie.212-227-153-4.plesk.page\/hr\/wp-json\/wp\/v2\/product_cat?post=3692376"},{"taxonomy":"product_tag","embeddable":true,"href":"https:\/\/stoic-curie.212-227-153-4.plesk.page\/hr\/wp-json\/wp\/v2\/product_tag?post=3692376"}],"curies":[{"name":"wp","href":"https:\/\/api.w.org\/{rel}","templated":true}]}}