{"id":3692377,"date":"2025-10-13T13:51:18","date_gmt":"2025-10-13T17:51:18","guid":{"rendered":"https:\/\/stoic-curie.212-227-153-4.plesk.page\/product\/baza-twist-lock-za-cijev-o-50-mm-baza-175-o-mm\/"},"modified":"2026-02-25T00:01:17","modified_gmt":"2026-02-25T00:01:17","slug":"baza-twist-lock-za-cijev-o-50-mm-baza-175-o-mm","status":"publish","type":"product","link":"https:\/\/stoic-curie.212-227-153-4.plesk.page\/hr\/product\/baza-twist-lock-za-cijev-o-50-mm-baza-175-o-mm\/","title":{"rendered":"Baza twist lock za cijev \u00f8 50 mm baza 175 \u00f8 mm"},"content":{"rendered":"<p>Baza twist lock za cijev \u00f8 50 mm baza 175 \u00f8 mm &#8211; <\/p>\n<p>Satinirana anodizirana aluminijska baza za odvojivi stolni postament sa starim Twist-Lock sustavom. S navojnom rupom za postament s cijevi promjera 50 mm. Osnova kota\u010da promjera 175 mm s 6 rupa od 145 mm.<\/p>\n","protected":false},"excerpt":{"rendered":"<p>Baza twist lock za cijev \u00f8 50 mm baza 175 \u00f8 mm &#8211; Satinirana anodizirana aluminijska baza za odvojivi stolni<\/p>\n","protected":false},"featured_media":5947284,"comment_status":"closed","ping_status":"closed","template":"","meta":[],"product_brand":[2966],"product_cat":[1642],"product_tag":[],"class_list":{"0":"post-3692377","1":"product","2":"type-product","3":"status-publish","4":"has-post-thumbnail","6":"product_brand-garelick-hr","7":"product_cat-brodske-stolice-i-stolovi","9":"first","10":"instock","11":"shipping-taxable","12":"purchasable","13":"product-type-simple"},"_links":{"self":[{"href":"https:\/\/stoic-curie.212-227-153-4.plesk.page\/hr\/wp-json\/wp\/v2\/product\/3692377","targetHints":{"allow":["GET"]}}],"collection":[{"href":"https:\/\/stoic-curie.212-227-153-4.plesk.page\/hr\/wp-json\/wp\/v2\/product"}],"about":[{"href":"https:\/\/stoic-curie.212-227-153-4.plesk.page\/hr\/wp-json\/wp\/v2\/types\/product"}],"replies":[{"embeddable":true,"href":"https:\/\/stoic-curie.212-227-153-4.plesk.page\/hr\/wp-json\/wp\/v2\/comments?post=3692377"}],"version-history":[{"count":0,"href":"https:\/\/stoic-curie.212-227-153-4.plesk.page\/hr\/wp-json\/wp\/v2\/product\/3692377\/revisions"}],"wp:featuredmedia":[{"embeddable":true,"href":"https:\/\/stoic-curie.212-227-153-4.plesk.page\/hr\/wp-json\/wp\/v2\/media\/5947284"}],"wp:attachment":[{"href":"https:\/\/stoic-curie.212-227-153-4.plesk.page\/hr\/wp-json\/wp\/v2\/media?parent=3692377"}],"wp:term":[{"taxonomy":"product_brand","embeddable":true,"href":"https:\/\/stoic-curie.212-227-153-4.plesk.page\/hr\/wp-json\/wp\/v2\/product_brand?post=3692377"},{"taxonomy":"product_cat","embeddable":true,"href":"https:\/\/stoic-curie.212-227-153-4.plesk.page\/hr\/wp-json\/wp\/v2\/product_cat?post=3692377"},{"taxonomy":"product_tag","embeddable":true,"href":"https:\/\/stoic-curie.212-227-153-4.plesk.page\/hr\/wp-json\/wp\/v2\/product_tag?post=3692377"}],"curies":[{"name":"wp","href":"https:\/\/api.w.org\/{rel}","templated":true}]}}