{"id":3692390,"date":"2025-10-13T13:51:21","date_gmt":"2025-10-13T17:51:21","guid":{"rendered":"https:\/\/stoic-curie.212-227-153-4.plesk.page\/product\/bijela-udubljena-kutija-s-vratima-245-x-175mm\/"},"modified":"2026-02-25T00:01:17","modified_gmt":"2026-02-25T00:01:17","slug":"bijela-udubljena-kutija-s-vratima-245-x-175mm","status":"publish","type":"product","link":"https:\/\/stoic-curie.212-227-153-4.plesk.page\/hr\/product\/bijela-udubljena-kutija-s-vratima-245-x-175mm\/","title":{"rendered":"Bijela udubljena kutija s vratima 245 x 175mm"},"content":{"rendered":"<p>Bijela udubljena kutija s vratima 245 x 175mm &#8211; <\/p>\n<p>Prekida\u010d za tu\u0161 ili bateriju ugra\u0111en u plasti\u010dno ku\u0107i\u0161te.<\/p>\n","protected":false},"excerpt":{"rendered":"<p>Bijela udubljena kutija s vratima 245 x 175mm &#8211; Prekida\u010d za tu\u0161 ili bateriju ugra\u0111en u plasti\u010dno ku\u0107i\u0161te.<\/p>\n","protected":false},"featured_media":5947307,"comment_status":"closed","ping_status":"closed","template":"","meta":[],"product_brand":[3236],"product_cat":[1695,1644],"product_tag":[],"class_list":{"0":"post-3692390","1":"product","2":"type-product","3":"status-publish","4":"has-post-thumbnail","6":"product_brand-osculati-hr","7":"product_cat-brodski-plasticni-otvori","8":"product_cat-pribor-za-spremista","10":"first","11":"instock","12":"shipping-taxable","13":"purchasable","14":"product-type-simple"},"_links":{"self":[{"href":"https:\/\/stoic-curie.212-227-153-4.plesk.page\/hr\/wp-json\/wp\/v2\/product\/3692390","targetHints":{"allow":["GET"]}}],"collection":[{"href":"https:\/\/stoic-curie.212-227-153-4.plesk.page\/hr\/wp-json\/wp\/v2\/product"}],"about":[{"href":"https:\/\/stoic-curie.212-227-153-4.plesk.page\/hr\/wp-json\/wp\/v2\/types\/product"}],"replies":[{"embeddable":true,"href":"https:\/\/stoic-curie.212-227-153-4.plesk.page\/hr\/wp-json\/wp\/v2\/comments?post=3692390"}],"version-history":[{"count":0,"href":"https:\/\/stoic-curie.212-227-153-4.plesk.page\/hr\/wp-json\/wp\/v2\/product\/3692390\/revisions"}],"wp:featuredmedia":[{"embeddable":true,"href":"https:\/\/stoic-curie.212-227-153-4.plesk.page\/hr\/wp-json\/wp\/v2\/media\/5947307"}],"wp:attachment":[{"href":"https:\/\/stoic-curie.212-227-153-4.plesk.page\/hr\/wp-json\/wp\/v2\/media?parent=3692390"}],"wp:term":[{"taxonomy":"product_brand","embeddable":true,"href":"https:\/\/stoic-curie.212-227-153-4.plesk.page\/hr\/wp-json\/wp\/v2\/product_brand?post=3692390"},{"taxonomy":"product_cat","embeddable":true,"href":"https:\/\/stoic-curie.212-227-153-4.plesk.page\/hr\/wp-json\/wp\/v2\/product_cat?post=3692390"},{"taxonomy":"product_tag","embeddable":true,"href":"https:\/\/stoic-curie.212-227-153-4.plesk.page\/hr\/wp-json\/wp\/v2\/product_tag?post=3692390"}],"curies":[{"name":"wp","href":"https:\/\/api.w.org\/{rel}","templated":true}]}}