{"id":3692394,"date":"2025-10-13T13:51:22","date_gmt":"2025-10-13T17:51:22","guid":{"rendered":"https:\/\/stoic-curie.212-227-153-4.plesk.page\/product\/kromirani-otvor-spremnika-ravni-16mm\/"},"modified":"2026-02-25T00:01:17","modified_gmt":"2026-02-25T00:01:17","slug":"kromirani-otvor-spremnika-ravni-16mm","status":"publish","type":"product","link":"https:\/\/stoic-curie.212-227-153-4.plesk.page\/hr\/product\/kromirani-otvor-spremnika-ravni-16mm\/","title":{"rendered":"Kromirani otvor spremnika ravni 16mm"},"content":{"rendered":"<p>Kromirani otvor spremnika ravni 16mm &#8211; <\/p>\n<p>Kromirana mesingana ventila za rezervoare. Mre\u017eica od nehr\u0111aju\u0107eg \u010delika. U skladu s R.I.Na. regulativama.<\/p>\n","protected":false},"excerpt":{"rendered":"<p>Kromirani otvor spremnika ravni 16mm &#8211; Kromirana mesingana ventila za rezervoare. Mre\u017eica od nehr\u0111aju\u0107eg \u010delika. U skladu s R.I.Na. regulativama.<\/p>\n","protected":false},"featured_media":5947313,"comment_status":"closed","ping_status":"closed","template":"","meta":[],"product_brand":[2996],"product_cat":[1699,1800],"product_tag":[],"class_list":{"0":"post-3692394","1":"product","2":"type-product","3":"status-publish","4":"has-post-thumbnail","6":"product_brand-guidi-marine-hr","7":"product_cat-palubni-ventilacijski-otvori","8":"product_cat-spremnici-goriva","10":"first","11":"instock","12":"shipping-taxable","13":"purchasable","14":"product-type-simple"},"_links":{"self":[{"href":"https:\/\/stoic-curie.212-227-153-4.plesk.page\/hr\/wp-json\/wp\/v2\/product\/3692394","targetHints":{"allow":["GET"]}}],"collection":[{"href":"https:\/\/stoic-curie.212-227-153-4.plesk.page\/hr\/wp-json\/wp\/v2\/product"}],"about":[{"href":"https:\/\/stoic-curie.212-227-153-4.plesk.page\/hr\/wp-json\/wp\/v2\/types\/product"}],"replies":[{"embeddable":true,"href":"https:\/\/stoic-curie.212-227-153-4.plesk.page\/hr\/wp-json\/wp\/v2\/comments?post=3692394"}],"version-history":[{"count":0,"href":"https:\/\/stoic-curie.212-227-153-4.plesk.page\/hr\/wp-json\/wp\/v2\/product\/3692394\/revisions"}],"wp:featuredmedia":[{"embeddable":true,"href":"https:\/\/stoic-curie.212-227-153-4.plesk.page\/hr\/wp-json\/wp\/v2\/media\/5947313"}],"wp:attachment":[{"href":"https:\/\/stoic-curie.212-227-153-4.plesk.page\/hr\/wp-json\/wp\/v2\/media?parent=3692394"}],"wp:term":[{"taxonomy":"product_brand","embeddable":true,"href":"https:\/\/stoic-curie.212-227-153-4.plesk.page\/hr\/wp-json\/wp\/v2\/product_brand?post=3692394"},{"taxonomy":"product_cat","embeddable":true,"href":"https:\/\/stoic-curie.212-227-153-4.plesk.page\/hr\/wp-json\/wp\/v2\/product_cat?post=3692394"},{"taxonomy":"product_tag","embeddable":true,"href":"https:\/\/stoic-curie.212-227-153-4.plesk.page\/hr\/wp-json\/wp\/v2\/product_tag?post=3692394"}],"curies":[{"name":"wp","href":"https:\/\/api.w.org\/{rel}","templated":true}]}}