{"id":3692397,"date":"2025-10-13T13:51:23","date_gmt":"2025-10-13T17:51:23","guid":{"rendered":"https:\/\/stoic-curie.212-227-153-4.plesk.page\/product\/kromirani-ventilacijski-otvor-90-desni-za-crijevo-od-16-mm\/"},"modified":"2026-02-25T00:01:17","modified_gmt":"2026-02-25T00:01:17","slug":"kromirani-ventilacijski-otvor-90-desni-za-crijevo-od-16-mm","status":"publish","type":"product","link":"https:\/\/stoic-curie.212-227-153-4.plesk.page\/hr\/product\/kromirani-ventilacijski-otvor-90-desni-za-crijevo-od-16-mm\/","title":{"rendered":"Kromirani ventilacijski otvor 90\u00b0 desni za crijevo od 16 mm"},"content":{"rendered":"<p>Kromirani ventilacijski otvor 90\u00b0 desni za crijevo od 16 mm &#8211; <\/p>\n<p>Kromirani mesingasti kutni spoj od 90\u00b0 za ventilaciju spremnika. Eksterni re\u0161etkasti za\u0161titni sloj od nehr\u0111aju\u0107eg \u010delika. Udovoljava R.I.Na. propisima.<\/p>\n","protected":false},"excerpt":{"rendered":"<p>Kromirani ventilacijski otvor 90\u00b0 desni za crijevo od 16 mm &#8211; Kromirani mesingasti kutni spoj od 90\u00b0 za ventilaciju spremnika.<\/p>\n","protected":false},"featured_media":5947316,"comment_status":"closed","ping_status":"closed","template":"","meta":[],"product_brand":[2996],"product_cat":[1699,1800],"product_tag":[],"class_list":{"0":"post-3692397","1":"product","2":"type-product","3":"status-publish","4":"has-post-thumbnail","6":"product_brand-guidi-marine-hr","7":"product_cat-palubni-ventilacijski-otvori","8":"product_cat-spremnici-goriva","10":"first","11":"instock","12":"shipping-taxable","13":"purchasable","14":"product-type-simple"},"_links":{"self":[{"href":"https:\/\/stoic-curie.212-227-153-4.plesk.page\/hr\/wp-json\/wp\/v2\/product\/3692397","targetHints":{"allow":["GET"]}}],"collection":[{"href":"https:\/\/stoic-curie.212-227-153-4.plesk.page\/hr\/wp-json\/wp\/v2\/product"}],"about":[{"href":"https:\/\/stoic-curie.212-227-153-4.plesk.page\/hr\/wp-json\/wp\/v2\/types\/product"}],"replies":[{"embeddable":true,"href":"https:\/\/stoic-curie.212-227-153-4.plesk.page\/hr\/wp-json\/wp\/v2\/comments?post=3692397"}],"version-history":[{"count":0,"href":"https:\/\/stoic-curie.212-227-153-4.plesk.page\/hr\/wp-json\/wp\/v2\/product\/3692397\/revisions"}],"wp:featuredmedia":[{"embeddable":true,"href":"https:\/\/stoic-curie.212-227-153-4.plesk.page\/hr\/wp-json\/wp\/v2\/media\/5947316"}],"wp:attachment":[{"href":"https:\/\/stoic-curie.212-227-153-4.plesk.page\/hr\/wp-json\/wp\/v2\/media?parent=3692397"}],"wp:term":[{"taxonomy":"product_brand","embeddable":true,"href":"https:\/\/stoic-curie.212-227-153-4.plesk.page\/hr\/wp-json\/wp\/v2\/product_brand?post=3692397"},{"taxonomy":"product_cat","embeddable":true,"href":"https:\/\/stoic-curie.212-227-153-4.plesk.page\/hr\/wp-json\/wp\/v2\/product_cat?post=3692397"},{"taxonomy":"product_tag","embeddable":true,"href":"https:\/\/stoic-curie.212-227-153-4.plesk.page\/hr\/wp-json\/wp\/v2\/product_tag?post=3692397"}],"curies":[{"name":"wp","href":"https:\/\/api.w.org\/{rel}","templated":true}]}}