{"id":3692411,"date":"2025-10-13T13:51:25","date_gmt":"2025-10-13T17:51:25","guid":{"rendered":"https:\/\/stoic-curie.212-227-153-4.plesk.page\/product\/plasticni-otvor-s-prikljuckom-crijeva-75mm\/"},"modified":"2026-02-25T00:01:17","modified_gmt":"2026-02-25T00:01:17","slug":"plasticni-otvor-s-prikljuckom-crijeva-75mm","status":"publish","type":"product","link":"https:\/\/stoic-curie.212-227-153-4.plesk.page\/hr\/product\/plasticni-otvor-s-prikljuckom-crijeva-75mm\/","title":{"rendered":"Plasticni otvor s priklju\u010dkom crijeva 75mm"},"content":{"rendered":"<p>Plasticni otvor s priklju\u010dkom crijeva 75mm &#8211; <\/p>\n<p>Ugra\u0111eni plasti\u010dni ventilacijski otvor s priklju\u010dkom crijeva za zrak od 70 i 75 mm.<\/p>\n","protected":false},"excerpt":{"rendered":"<p>Plasticni otvor s priklju\u010dkom crijeva 75mm &#8211; Ugra\u0111eni plasti\u010dni ventilacijski otvor s priklju\u010dkom crijeva za zrak od 70 i 75<\/p>\n","protected":false},"featured_media":5947327,"comment_status":"closed","ping_status":"closed","template":"","meta":[],"product_brand":[3236],"product_cat":[1691,1699,1826,1732],"product_tag":[],"class_list":{"0":"post-3692411","1":"product","2":"type-product","3":"status-publish","4":"has-post-thumbnail","6":"product_brand-osculati-hr","7":"product_cat-otvori-za-zrak","8":"product_cat-palubni-ventilacijski-otvori","9":"product_cat-sustavi-odzracivanja-motora","10":"product_cat-ventilatori-za-provjetravanje-kaljuze","12":"first","13":"instock","14":"shipping-taxable","15":"purchasable","16":"product-type-simple"},"_links":{"self":[{"href":"https:\/\/stoic-curie.212-227-153-4.plesk.page\/hr\/wp-json\/wp\/v2\/product\/3692411","targetHints":{"allow":["GET"]}}],"collection":[{"href":"https:\/\/stoic-curie.212-227-153-4.plesk.page\/hr\/wp-json\/wp\/v2\/product"}],"about":[{"href":"https:\/\/stoic-curie.212-227-153-4.plesk.page\/hr\/wp-json\/wp\/v2\/types\/product"}],"replies":[{"embeddable":true,"href":"https:\/\/stoic-curie.212-227-153-4.plesk.page\/hr\/wp-json\/wp\/v2\/comments?post=3692411"}],"version-history":[{"count":0,"href":"https:\/\/stoic-curie.212-227-153-4.plesk.page\/hr\/wp-json\/wp\/v2\/product\/3692411\/revisions"}],"wp:featuredmedia":[{"embeddable":true,"href":"https:\/\/stoic-curie.212-227-153-4.plesk.page\/hr\/wp-json\/wp\/v2\/media\/5947327"}],"wp:attachment":[{"href":"https:\/\/stoic-curie.212-227-153-4.plesk.page\/hr\/wp-json\/wp\/v2\/media?parent=3692411"}],"wp:term":[{"taxonomy":"product_brand","embeddable":true,"href":"https:\/\/stoic-curie.212-227-153-4.plesk.page\/hr\/wp-json\/wp\/v2\/product_brand?post=3692411"},{"taxonomy":"product_cat","embeddable":true,"href":"https:\/\/stoic-curie.212-227-153-4.plesk.page\/hr\/wp-json\/wp\/v2\/product_cat?post=3692411"},{"taxonomy":"product_tag","embeddable":true,"href":"https:\/\/stoic-curie.212-227-153-4.plesk.page\/hr\/wp-json\/wp\/v2\/product_tag?post=3692411"}],"curies":[{"name":"wp","href":"https:\/\/api.w.org\/{rel}","templated":true}]}}