{"id":3692416,"date":"2025-10-13T13:51:26","date_gmt":"2025-10-13T17:51:26","guid":{"rendered":"https:\/\/stoic-curie.212-227-153-4.plesk.page\/product\/okrugla-resetka-od-nehrdajuceg-125-mm\/"},"modified":"2026-02-25T00:01:17","modified_gmt":"2026-02-25T00:01:17","slug":"okrugla-resetka-od-nehrdajuceg-125-mm","status":"publish","type":"product","link":"https:\/\/stoic-curie.212-227-153-4.plesk.page\/hr\/product\/okrugla-resetka-od-nehrdajuceg-125-mm\/","title":{"rendered":"Okrugla re\u0161etka od nehr\u0111aju\u0107eg 125 mm"},"content":{"rendered":"<p>Okrugla re\u0161etka od nehr\u0111aju\u0107eg 125 mm &#8211; <\/p>\n<p>Okretni ventilacijski re\u0161etka od nehr\u0111aju\u0107eg \u010delika s podesivim sustavom zatvaranja.<\/p>\n","protected":false},"excerpt":{"rendered":"<p>Okrugla re\u0161etka od nehr\u0111aju\u0107eg 125 mm &#8211; Okretni ventilacijski re\u0161etka od nehr\u0111aju\u0107eg \u010delika s podesivim sustavom zatvaranja.<\/p>\n","protected":false},"featured_media":5947334,"comment_status":"closed","ping_status":"closed","template":"","meta":[],"product_brand":[3236],"product_cat":[1691,1699],"product_tag":[],"class_list":{"0":"post-3692416","1":"product","2":"type-product","3":"status-publish","4":"has-post-thumbnail","6":"product_brand-osculati-hr","7":"product_cat-otvori-za-zrak","8":"product_cat-palubni-ventilacijski-otvori","10":"first","11":"instock","12":"shipping-taxable","13":"purchasable","14":"product-type-simple"},"_links":{"self":[{"href":"https:\/\/stoic-curie.212-227-153-4.plesk.page\/hr\/wp-json\/wp\/v2\/product\/3692416","targetHints":{"allow":["GET"]}}],"collection":[{"href":"https:\/\/stoic-curie.212-227-153-4.plesk.page\/hr\/wp-json\/wp\/v2\/product"}],"about":[{"href":"https:\/\/stoic-curie.212-227-153-4.plesk.page\/hr\/wp-json\/wp\/v2\/types\/product"}],"replies":[{"embeddable":true,"href":"https:\/\/stoic-curie.212-227-153-4.plesk.page\/hr\/wp-json\/wp\/v2\/comments?post=3692416"}],"version-history":[{"count":0,"href":"https:\/\/stoic-curie.212-227-153-4.plesk.page\/hr\/wp-json\/wp\/v2\/product\/3692416\/revisions"}],"wp:featuredmedia":[{"embeddable":true,"href":"https:\/\/stoic-curie.212-227-153-4.plesk.page\/hr\/wp-json\/wp\/v2\/media\/5947334"}],"wp:attachment":[{"href":"https:\/\/stoic-curie.212-227-153-4.plesk.page\/hr\/wp-json\/wp\/v2\/media?parent=3692416"}],"wp:term":[{"taxonomy":"product_brand","embeddable":true,"href":"https:\/\/stoic-curie.212-227-153-4.plesk.page\/hr\/wp-json\/wp\/v2\/product_brand?post=3692416"},{"taxonomy":"product_cat","embeddable":true,"href":"https:\/\/stoic-curie.212-227-153-4.plesk.page\/hr\/wp-json\/wp\/v2\/product_cat?post=3692416"},{"taxonomy":"product_tag","embeddable":true,"href":"https:\/\/stoic-curie.212-227-153-4.plesk.page\/hr\/wp-json\/wp\/v2\/product_tag?post=3692416"}],"curies":[{"name":"wp","href":"https:\/\/api.w.org\/{rel}","templated":true}]}}