{"id":3692428,"date":"2025-10-13T13:51:27","date_gmt":"2025-10-13T17:51:27","guid":{"rendered":"https:\/\/stoic-curie.212-227-153-4.plesk.page\/product\/alkohol-za-kuhanje-500ml\/"},"modified":"2026-02-25T00:01:17","modified_gmt":"2026-02-25T00:01:17","slug":"alkohol-za-kuhanje-500ml","status":"publish","type":"product","link":"https:\/\/stoic-curie.212-227-153-4.plesk.page\/hr\/product\/alkohol-za-kuhanje-500ml\/","title":{"rendered":"Alkohol za kuhanje 500ml"},"content":{"rendered":"<p>Alkohol za kuhanje 500ml &#8211; <\/p>\n<p>Feuerdesign prenosivi ro\u0161tilj pribor i rezervni dijelovi: <br \/> Stakleni i \u010deli\u010dni poklopac s termometrom <br \/> Zamjenski ventilator s baterijom i kabelom <br \/> 500 ml alkohola gela za otprilike 30 paljenja <br \/> Vre\u0107a od 2 kg ugljena<\/p>\n","protected":false},"excerpt":{"rendered":"<p>Alkohol za kuhanje 500ml &#8211; Feuerdesign prenosivi ro\u0161tilj pribor i rezervni dijelovi: Stakleni i \u010deli\u010dni poklopac s termometrom Zamjenski ventilator<\/p>\n","protected":false},"featured_media":5947345,"comment_status":"closed","ping_status":"closed","template":"","meta":[],"product_brand":[3461],"product_cat":[1641],"product_tag":[],"class_list":{"0":"post-3692428","1":"product","2":"type-product","3":"status-publish","4":"has-post-thumbnail","6":"product_brand-techimpex-hr","7":"product_cat-brodski-stednjaci","9":"first","10":"instock","11":"shipping-taxable","12":"purchasable","13":"product-type-simple"},"_links":{"self":[{"href":"https:\/\/stoic-curie.212-227-153-4.plesk.page\/hr\/wp-json\/wp\/v2\/product\/3692428","targetHints":{"allow":["GET"]}}],"collection":[{"href":"https:\/\/stoic-curie.212-227-153-4.plesk.page\/hr\/wp-json\/wp\/v2\/product"}],"about":[{"href":"https:\/\/stoic-curie.212-227-153-4.plesk.page\/hr\/wp-json\/wp\/v2\/types\/product"}],"replies":[{"embeddable":true,"href":"https:\/\/stoic-curie.212-227-153-4.plesk.page\/hr\/wp-json\/wp\/v2\/comments?post=3692428"}],"version-history":[{"count":0,"href":"https:\/\/stoic-curie.212-227-153-4.plesk.page\/hr\/wp-json\/wp\/v2\/product\/3692428\/revisions"}],"wp:featuredmedia":[{"embeddable":true,"href":"https:\/\/stoic-curie.212-227-153-4.plesk.page\/hr\/wp-json\/wp\/v2\/media\/5947345"}],"wp:attachment":[{"href":"https:\/\/stoic-curie.212-227-153-4.plesk.page\/hr\/wp-json\/wp\/v2\/media?parent=3692428"}],"wp:term":[{"taxonomy":"product_brand","embeddable":true,"href":"https:\/\/stoic-curie.212-227-153-4.plesk.page\/hr\/wp-json\/wp\/v2\/product_brand?post=3692428"},{"taxonomy":"product_cat","embeddable":true,"href":"https:\/\/stoic-curie.212-227-153-4.plesk.page\/hr\/wp-json\/wp\/v2\/product_cat?post=3692428"},{"taxonomy":"product_tag","embeddable":true,"href":"https:\/\/stoic-curie.212-227-153-4.plesk.page\/hr\/wp-json\/wp\/v2\/product_tag?post=3692428"}],"curies":[{"name":"wp","href":"https:\/\/api.w.org\/{rel}","templated":true}]}}