{"id":3692443,"date":"2025-10-13T13:51:30","date_gmt":"2025-10-13T17:51:30","guid":{"rendered":"https:\/\/stoic-curie.212-227-153-4.plesk.page\/product\/thetford-aqua-kem-green-vrecice\/"},"modified":"2026-02-25T00:01:18","modified_gmt":"2026-02-25T00:01:18","slug":"thetford-aqua-kem-green-vrecice","status":"publish","type":"product","link":"https:\/\/stoic-curie.212-227-153-4.plesk.page\/hr\/product\/thetford-aqua-kem-green-vrecice\/","title":{"rendered":"Thetford Aqua kem Green 450gr"},"content":{"rendered":"<p>Thetford Aqua kem Green 450gr &#8211; <\/p>\n<p>Thetford Aquakem Green su stru\u010dno dizajnirani za kori\u0161tenje u rezervoarima za otpad, \u010dine\u0107i ih bitnim proizvodom za vlasnike brodova. Ovi inovativni proizvodi su ekolo\u0161ki prihvatljivi, zahvaljuju\u0107i svojim odr\u017eivim biolo\u0161kim svojstvima koja pozitivno utje\u010du na okoli\u0161. U\u010dinkovito razgra\u0111uju kruti otpad i toaletni papir, \u0161to pojednostavljuje proces odlaganja. Dodatno, poma\u017eu smanjiti nakupljanje plinova, osiguravaju\u0107i da va\u0161 rezervoar za otpad ostane svje\u017e i \u010dist du\u017ee vrijeme. Svaka posuda sadr\u017ei 450 grama proizvoda s ukupno 60 dana djelotvornog tretmana. To zna\u010di da mo\u017eete u\u017eivati u vremenu na vodi bez brige o upravljanju otpadom, \u010dine\u0107i va\u0161e brodsko iskustvo ugodnijim i bezbri\u017enim.<\/p>\n","protected":false},"excerpt":{"rendered":"<p>Thetford Aqua kem Green 450gr &#8211; Thetford Aquakem Green su stru\u010dno dizajnirani za kori\u0161tenje u rezervoarima za otpad, \u010dine\u0107i ih<\/p>\n","protected":false},"featured_media":5947398,"comment_status":"closed","ping_status":"closed","template":"","meta":[],"product_brand":[3486],"product_cat":[1675,1628],"product_tag":[],"class_list":{"0":"post-3692443","1":"product","2":"type-product","3":"status-publish","4":"has-post-thumbnail","6":"product_brand-thetford-hr","7":"product_cat-brodski-wc","8":"product_cat-proizvodi-za-ciscenje","10":"first","11":"instock","12":"shipping-taxable","13":"purchasable","14":"product-type-simple"},"_links":{"self":[{"href":"https:\/\/stoic-curie.212-227-153-4.plesk.page\/hr\/wp-json\/wp\/v2\/product\/3692443","targetHints":{"allow":["GET"]}}],"collection":[{"href":"https:\/\/stoic-curie.212-227-153-4.plesk.page\/hr\/wp-json\/wp\/v2\/product"}],"about":[{"href":"https:\/\/stoic-curie.212-227-153-4.plesk.page\/hr\/wp-json\/wp\/v2\/types\/product"}],"replies":[{"embeddable":true,"href":"https:\/\/stoic-curie.212-227-153-4.plesk.page\/hr\/wp-json\/wp\/v2\/comments?post=3692443"}],"version-history":[{"count":0,"href":"https:\/\/stoic-curie.212-227-153-4.plesk.page\/hr\/wp-json\/wp\/v2\/product\/3692443\/revisions"}],"wp:featuredmedia":[{"embeddable":true,"href":"https:\/\/stoic-curie.212-227-153-4.plesk.page\/hr\/wp-json\/wp\/v2\/media\/5947398"}],"wp:attachment":[{"href":"https:\/\/stoic-curie.212-227-153-4.plesk.page\/hr\/wp-json\/wp\/v2\/media?parent=3692443"}],"wp:term":[{"taxonomy":"product_brand","embeddable":true,"href":"https:\/\/stoic-curie.212-227-153-4.plesk.page\/hr\/wp-json\/wp\/v2\/product_brand?post=3692443"},{"taxonomy":"product_cat","embeddable":true,"href":"https:\/\/stoic-curie.212-227-153-4.plesk.page\/hr\/wp-json\/wp\/v2\/product_cat?post=3692443"},{"taxonomy":"product_tag","embeddable":true,"href":"https:\/\/stoic-curie.212-227-153-4.plesk.page\/hr\/wp-json\/wp\/v2\/product_tag?post=3692443"}],"curies":[{"name":"wp","href":"https:\/\/api.w.org\/{rel}","templated":true}]}}