{"id":3692450,"date":"2025-10-13T13:51:31","date_gmt":"2025-10-13T17:51:31","guid":{"rendered":"https:\/\/stoic-curie.212-227-153-4.plesk.page\/product\/kromirana-mjesalica-80-x-32mm\/"},"modified":"2026-02-25T00:01:18","modified_gmt":"2026-02-25T00:01:18","slug":"kromirana-mjesalica-80-x-32mm","status":"publish","type":"product","link":"https:\/\/stoic-curie.212-227-153-4.plesk.page\/hr\/product\/kromirana-mjesalica-80-x-32mm\/","title":{"rendered":"Kromirana mje\u0161alica 80 x 32mm"},"content":{"rendered":"<p>Kromirana mje\u0161alica 80 x 32mm &#8211; <\/p>\n<p>Ugra\u0111eni tu\u0161 glava i ovalna kutija\/spremnik za mije\u0161alicu tople\/hladne vode, izra\u0111ena od UV otpornog, \u010dvrstog i otporog na udarce plastike. Univerzalna vertikalna ili horizontalna monta\u017ea. Urez 70 x 115 mm &#8211; Vanjski 98 x 143 mm &#8211; Dubina 73 mm. Treba dovr\u0161iti s T-mije\u0161alicom, tu\u0161 glavom i fleksibilnim crijevom.<\/p>\n","protected":false},"excerpt":{"rendered":"<p>Kromirana mje\u0161alica 80 x 32mm &#8211; Ugra\u0111eni tu\u0161 glava i ovalna kutija\/spremnik za mije\u0161alicu tople\/hladne vode, izra\u0111ena od UV otpornog,<\/p>\n","protected":false},"featured_media":5947408,"comment_status":"closed","ping_status":"closed","template":"","meta":[],"product_brand":[3201],"product_cat":[1676,1652],"product_tag":[],"class_list":{"0":"post-3692450","1":"product","2":"type-product","3":"status-publish","4":"has-post-thumbnail","6":"product_brand-nobili-hr","7":"product_cat-brodske-slavine","8":"product_cat-brodski-tusevi","10":"first","11":"instock","12":"shipping-taxable","13":"purchasable","14":"product-type-simple"},"_links":{"self":[{"href":"https:\/\/stoic-curie.212-227-153-4.plesk.page\/hr\/wp-json\/wp\/v2\/product\/3692450","targetHints":{"allow":["GET"]}}],"collection":[{"href":"https:\/\/stoic-curie.212-227-153-4.plesk.page\/hr\/wp-json\/wp\/v2\/product"}],"about":[{"href":"https:\/\/stoic-curie.212-227-153-4.plesk.page\/hr\/wp-json\/wp\/v2\/types\/product"}],"replies":[{"embeddable":true,"href":"https:\/\/stoic-curie.212-227-153-4.plesk.page\/hr\/wp-json\/wp\/v2\/comments?post=3692450"}],"version-history":[{"count":0,"href":"https:\/\/stoic-curie.212-227-153-4.plesk.page\/hr\/wp-json\/wp\/v2\/product\/3692450\/revisions"}],"wp:featuredmedia":[{"embeddable":true,"href":"https:\/\/stoic-curie.212-227-153-4.plesk.page\/hr\/wp-json\/wp\/v2\/media\/5947408"}],"wp:attachment":[{"href":"https:\/\/stoic-curie.212-227-153-4.plesk.page\/hr\/wp-json\/wp\/v2\/media?parent=3692450"}],"wp:term":[{"taxonomy":"product_brand","embeddable":true,"href":"https:\/\/stoic-curie.212-227-153-4.plesk.page\/hr\/wp-json\/wp\/v2\/product_brand?post=3692450"},{"taxonomy":"product_cat","embeddable":true,"href":"https:\/\/stoic-curie.212-227-153-4.plesk.page\/hr\/wp-json\/wp\/v2\/product_cat?post=3692450"},{"taxonomy":"product_tag","embeddable":true,"href":"https:\/\/stoic-curie.212-227-153-4.plesk.page\/hr\/wp-json\/wp\/v2\/product_tag?post=3692450"}],"curies":[{"name":"wp","href":"https:\/\/api.w.org\/{rel}","templated":true}]}}