{"id":3692451,"date":"2025-10-13T13:51:31","date_gmt":"2025-10-13T17:51:31","guid":{"rendered":"https:\/\/stoic-curie.212-227-153-4.plesk.page\/product\/tus-za-glavu-alba\/"},"modified":"2026-02-25T00:01:18","modified_gmt":"2026-02-25T00:01:18","slug":"tus-za-glavu-alba","status":"publish","type":"product","link":"https:\/\/stoic-curie.212-227-153-4.plesk.page\/hr\/product\/tus-za-glavu-alba\/","title":{"rendered":"Tu\u0161 za glavu Alba"},"content":{"rendered":"<p>Tu\u0161 za glavu Alba &#8211; <\/p>\n<p>Ugra\u0111eni tu\u0161 glava u kvadratnoj kutiji\/kontejneru od UV-otpornog \u010dvrstog plastikata. Univerzalna vertikalna ili horizontalna monta\u017ea. Za dovr\u0161etak s tu\u0161 glavom i fleksibilnim crijevom. Ugra\u0111ena rupa 78 x 68 mm &#8211; Vanjske dimenzije 97 x 87 mm &#8211; Dubina 77 mm.<\/p>\n","protected":false},"excerpt":{"rendered":"<p>Tu\u0161 za glavu Alba &#8211; Ugra\u0111eni tu\u0161 glava u kvadratnoj kutiji\/kontejneru od UV-otpornog \u010dvrstog plastikata. Univerzalna vertikalna ili horizontalna monta\u017ea.<\/p>\n","protected":false},"featured_media":5947412,"comment_status":"closed","ping_status":"closed","template":"","meta":[],"product_brand":[3201],"product_cat":[1652],"product_tag":[],"class_list":{"0":"post-3692451","1":"product","2":"type-product","3":"status-publish","4":"has-post-thumbnail","6":"product_brand-nobili-hr","7":"product_cat-brodski-tusevi","9":"first","10":"instock","11":"shipping-taxable","12":"purchasable","13":"product-type-simple"},"_links":{"self":[{"href":"https:\/\/stoic-curie.212-227-153-4.plesk.page\/hr\/wp-json\/wp\/v2\/product\/3692451","targetHints":{"allow":["GET"]}}],"collection":[{"href":"https:\/\/stoic-curie.212-227-153-4.plesk.page\/hr\/wp-json\/wp\/v2\/product"}],"about":[{"href":"https:\/\/stoic-curie.212-227-153-4.plesk.page\/hr\/wp-json\/wp\/v2\/types\/product"}],"replies":[{"embeddable":true,"href":"https:\/\/stoic-curie.212-227-153-4.plesk.page\/hr\/wp-json\/wp\/v2\/comments?post=3692451"}],"version-history":[{"count":0,"href":"https:\/\/stoic-curie.212-227-153-4.plesk.page\/hr\/wp-json\/wp\/v2\/product\/3692451\/revisions"}],"wp:featuredmedia":[{"embeddable":true,"href":"https:\/\/stoic-curie.212-227-153-4.plesk.page\/hr\/wp-json\/wp\/v2\/media\/5947412"}],"wp:attachment":[{"href":"https:\/\/stoic-curie.212-227-153-4.plesk.page\/hr\/wp-json\/wp\/v2\/media?parent=3692451"}],"wp:term":[{"taxonomy":"product_brand","embeddable":true,"href":"https:\/\/stoic-curie.212-227-153-4.plesk.page\/hr\/wp-json\/wp\/v2\/product_brand?post=3692451"},{"taxonomy":"product_cat","embeddable":true,"href":"https:\/\/stoic-curie.212-227-153-4.plesk.page\/hr\/wp-json\/wp\/v2\/product_cat?post=3692451"},{"taxonomy":"product_tag","embeddable":true,"href":"https:\/\/stoic-curie.212-227-153-4.plesk.page\/hr\/wp-json\/wp\/v2\/product_tag?post=3692451"}],"curies":[{"name":"wp","href":"https:\/\/api.w.org\/{rel}","templated":true}]}}