{"id":3692458,"date":"2025-10-13T13:51:32","date_gmt":"2025-10-13T17:51:32","guid":{"rendered":"https:\/\/stoic-curie.212-227-153-4.plesk.page\/product\/bijelo-crijevo-za-tus-3-8-do-1-2-4mt\/"},"modified":"2026-02-25T00:01:18","modified_gmt":"2026-02-25T00:01:18","slug":"bijelo-crijevo-za-tus-3-8-do-1-2-4mt","status":"publish","type":"product","link":"https:\/\/stoic-curie.212-227-153-4.plesk.page\/hr\/product\/bijelo-crijevo-za-tus-3-8-do-1-2-4mt\/","title":{"rendered":"Bijelo crijevo za tu\u0161 3\/8&#8243; do 1\/2&#8243; 4mt"},"content":{"rendered":"<p>Bijelo crijevo za tu\u0161 3\/8&#8243; do 1\/2&#8243; 4mt &#8211; <\/p>\n<p>Ugradni tu\u0161 glava i ovalna kutija\/spremnik za mije\u0161anje tople\/hlade vode izra\u0111eni od UV-otpornog \u010dvrstog udarnootpornog plastike. Univerzalna vertikalna ili horizontalna monta\u017ea.<br \/> Dimenzije izreza 70 x 115 mm &#8211; Vanjske dimenzije 98 x 143 mm &#8211; Dubina 73 mm.<br \/> Treba dopuniti T mije\u0161alom, tu\u0161 glavom i fleksibilnom crijevom.<\/p>\n","protected":false},"excerpt":{"rendered":"<p>Bijelo crijevo za tu\u0161 3\/8&#8243; do 1\/2&#8243; 4mt &#8211; Ugradni tu\u0161 glava i ovalna kutija\/spremnik za mije\u0161anje tople\/hlade vode izra\u0111eni<\/p>\n","protected":false},"featured_media":5947420,"comment_status":"closed","ping_status":"closed","template":"","meta":[],"product_brand":[3201],"product_cat":[1652],"product_tag":[],"class_list":{"0":"post-3692458","1":"product","2":"type-product","3":"status-publish","4":"has-post-thumbnail","6":"product_brand-nobili-hr","7":"product_cat-brodski-tusevi","9":"first","10":"instock","11":"shipping-taxable","12":"purchasable","13":"product-type-simple"},"_links":{"self":[{"href":"https:\/\/stoic-curie.212-227-153-4.plesk.page\/hr\/wp-json\/wp\/v2\/product\/3692458","targetHints":{"allow":["GET"]}}],"collection":[{"href":"https:\/\/stoic-curie.212-227-153-4.plesk.page\/hr\/wp-json\/wp\/v2\/product"}],"about":[{"href":"https:\/\/stoic-curie.212-227-153-4.plesk.page\/hr\/wp-json\/wp\/v2\/types\/product"}],"replies":[{"embeddable":true,"href":"https:\/\/stoic-curie.212-227-153-4.plesk.page\/hr\/wp-json\/wp\/v2\/comments?post=3692458"}],"version-history":[{"count":0,"href":"https:\/\/stoic-curie.212-227-153-4.plesk.page\/hr\/wp-json\/wp\/v2\/product\/3692458\/revisions"}],"wp:featuredmedia":[{"embeddable":true,"href":"https:\/\/stoic-curie.212-227-153-4.plesk.page\/hr\/wp-json\/wp\/v2\/media\/5947420"}],"wp:attachment":[{"href":"https:\/\/stoic-curie.212-227-153-4.plesk.page\/hr\/wp-json\/wp\/v2\/media?parent=3692458"}],"wp:term":[{"taxonomy":"product_brand","embeddable":true,"href":"https:\/\/stoic-curie.212-227-153-4.plesk.page\/hr\/wp-json\/wp\/v2\/product_brand?post=3692458"},{"taxonomy":"product_cat","embeddable":true,"href":"https:\/\/stoic-curie.212-227-153-4.plesk.page\/hr\/wp-json\/wp\/v2\/product_cat?post=3692458"},{"taxonomy":"product_tag","embeddable":true,"href":"https:\/\/stoic-curie.212-227-153-4.plesk.page\/hr\/wp-json\/wp\/v2\/product_tag?post=3692458"}],"curies":[{"name":"wp","href":"https:\/\/api.w.org\/{rel}","templated":true}]}}