{"id":3692465,"date":"2025-10-13T13:51:33","date_gmt":"2025-10-13T17:51:33","guid":{"rendered":"https:\/\/stoic-curie.212-227-153-4.plesk.page\/product\/uvucena-kutija-za-glavu-tusa-77mm\/"},"modified":"2026-02-25T00:01:18","modified_gmt":"2026-02-25T00:01:18","slug":"uvucena-kutija-za-glavu-tusa-77mm","status":"publish","type":"product","link":"https:\/\/stoic-curie.212-227-153-4.plesk.page\/hr\/product\/uvucena-kutija-za-glavu-tusa-77mm\/","title":{"rendered":"Uvu\u010dena kutija za glavu tu\u0161a 77mm"},"content":{"rendered":"<p>Uvu\u010dena kutija za glavu tu\u0161a 77mm &#8211; <\/p>\n<p>Plasti\u010dna okrugla ugradna kutija\/kontejner za tu\u0161 s mekim poklopcem. Ugradna rupa \u00d8 57 mm &#8211; Vanjski \u00d8 77 mm &#8211; Dubina 65 mm. Za dovr\u0161etak s tu\u0161-kombinacijom i fleksibilnim crijevom.<\/p>\n","protected":false},"excerpt":{"rendered":"<p>Uvu\u010dena kutija za glavu tu\u0161a 77mm &#8211; Plasti\u010dna okrugla ugradna kutija\/kontejner za tu\u0161 s mekim poklopcem. Ugradna rupa \u00d8 57<\/p>\n","protected":false},"featured_media":5947429,"comment_status":"closed","ping_status":"closed","template":"","meta":[],"product_brand":[3201],"product_cat":[1652],"product_tag":[],"class_list":{"0":"post-3692465","1":"product","2":"type-product","3":"status-publish","4":"has-post-thumbnail","6":"product_brand-nobili-hr","7":"product_cat-brodski-tusevi","9":"first","10":"instock","11":"shipping-taxable","12":"purchasable","13":"product-type-simple"},"_links":{"self":[{"href":"https:\/\/stoic-curie.212-227-153-4.plesk.page\/hr\/wp-json\/wp\/v2\/product\/3692465","targetHints":{"allow":["GET"]}}],"collection":[{"href":"https:\/\/stoic-curie.212-227-153-4.plesk.page\/hr\/wp-json\/wp\/v2\/product"}],"about":[{"href":"https:\/\/stoic-curie.212-227-153-4.plesk.page\/hr\/wp-json\/wp\/v2\/types\/product"}],"replies":[{"embeddable":true,"href":"https:\/\/stoic-curie.212-227-153-4.plesk.page\/hr\/wp-json\/wp\/v2\/comments?post=3692465"}],"version-history":[{"count":0,"href":"https:\/\/stoic-curie.212-227-153-4.plesk.page\/hr\/wp-json\/wp\/v2\/product\/3692465\/revisions"}],"wp:featuredmedia":[{"embeddable":true,"href":"https:\/\/stoic-curie.212-227-153-4.plesk.page\/hr\/wp-json\/wp\/v2\/media\/5947429"}],"wp:attachment":[{"href":"https:\/\/stoic-curie.212-227-153-4.plesk.page\/hr\/wp-json\/wp\/v2\/media?parent=3692465"}],"wp:term":[{"taxonomy":"product_brand","embeddable":true,"href":"https:\/\/stoic-curie.212-227-153-4.plesk.page\/hr\/wp-json\/wp\/v2\/product_brand?post=3692465"},{"taxonomy":"product_cat","embeddable":true,"href":"https:\/\/stoic-curie.212-227-153-4.plesk.page\/hr\/wp-json\/wp\/v2\/product_cat?post=3692465"},{"taxonomy":"product_tag","embeddable":true,"href":"https:\/\/stoic-curie.212-227-153-4.plesk.page\/hr\/wp-json\/wp\/v2\/product_tag?post=3692465"}],"curies":[{"name":"wp","href":"https:\/\/api.w.org\/{rel}","templated":true}]}}