{"id":3692466,"date":"2025-10-13T13:51:33","date_gmt":"2025-10-13T17:51:33","guid":{"rendered":"https:\/\/stoic-curie.212-227-153-4.plesk.page\/product\/uvucena-kromirana-kutija-za-glavu-tusa-97mm\/"},"modified":"2026-02-25T00:01:18","modified_gmt":"2026-02-25T00:01:18","slug":"uvucena-kromirana-kutija-za-glavu-tusa-97mm","status":"publish","type":"product","link":"https:\/\/stoic-curie.212-227-153-4.plesk.page\/hr\/product\/uvucena-kromirana-kutija-za-glavu-tusa-97mm\/","title":{"rendered":"Uvu\u010dena kromirana kutija za glavu tu\u0161a 97mm"},"content":{"rendered":"<p>Uvu\u010dena kromirana kutija za glavu tu\u0161a 97mm &#8211; <\/p>\n<p>Ugra\u0111ena kutija\/spremnik za tu\u0161 glavu izra\u0111ena od UV-otporne \u010dvrste plastike otporne na udarce. Vertikalna monta\u017ea. Za dovr\u0161avanje s tu\u0161 glavom i fleksibilnim crijevom. Ugradna rupa \u00d8 70 mm &#8211; Vanjski promjer \u00d8 97 mm &#8211; Dubina 65 mm.<\/p>\n","protected":false},"excerpt":{"rendered":"<p>Uvu\u010dena kromirana kutija za glavu tu\u0161a 97mm &#8211; Ugra\u0111ena kutija\/spremnik za tu\u0161 glavu izra\u0111ena od UV-otporne \u010dvrste plastike otporne na<\/p>\n","protected":false},"featured_media":5947430,"comment_status":"closed","ping_status":"closed","template":"","meta":[],"product_brand":[3236],"product_cat":[1652],"product_tag":[],"class_list":{"0":"post-3692466","1":"product","2":"type-product","3":"status-publish","4":"has-post-thumbnail","6":"product_brand-osculati-hr","7":"product_cat-brodski-tusevi","9":"first","10":"instock","11":"shipping-taxable","12":"purchasable","13":"product-type-simple"},"_links":{"self":[{"href":"https:\/\/stoic-curie.212-227-153-4.plesk.page\/hr\/wp-json\/wp\/v2\/product\/3692466","targetHints":{"allow":["GET"]}}],"collection":[{"href":"https:\/\/stoic-curie.212-227-153-4.plesk.page\/hr\/wp-json\/wp\/v2\/product"}],"about":[{"href":"https:\/\/stoic-curie.212-227-153-4.plesk.page\/hr\/wp-json\/wp\/v2\/types\/product"}],"replies":[{"embeddable":true,"href":"https:\/\/stoic-curie.212-227-153-4.plesk.page\/hr\/wp-json\/wp\/v2\/comments?post=3692466"}],"version-history":[{"count":0,"href":"https:\/\/stoic-curie.212-227-153-4.plesk.page\/hr\/wp-json\/wp\/v2\/product\/3692466\/revisions"}],"wp:featuredmedia":[{"embeddable":true,"href":"https:\/\/stoic-curie.212-227-153-4.plesk.page\/hr\/wp-json\/wp\/v2\/media\/5947430"}],"wp:attachment":[{"href":"https:\/\/stoic-curie.212-227-153-4.plesk.page\/hr\/wp-json\/wp\/v2\/media?parent=3692466"}],"wp:term":[{"taxonomy":"product_brand","embeddable":true,"href":"https:\/\/stoic-curie.212-227-153-4.plesk.page\/hr\/wp-json\/wp\/v2\/product_brand?post=3692466"},{"taxonomy":"product_cat","embeddable":true,"href":"https:\/\/stoic-curie.212-227-153-4.plesk.page\/hr\/wp-json\/wp\/v2\/product_cat?post=3692466"},{"taxonomy":"product_tag","embeddable":true,"href":"https:\/\/stoic-curie.212-227-153-4.plesk.page\/hr\/wp-json\/wp\/v2\/product_tag?post=3692466"}],"curies":[{"name":"wp","href":"https:\/\/api.w.org\/{rel}","templated":true}]}}