{"id":3692478,"date":"2025-10-13T13:51:35","date_gmt":"2025-10-13T17:51:35","guid":{"rendered":"https:\/\/stoic-curie.212-227-153-4.plesk.page\/product\/rezervno-staklo-za-guidi-rgl-1162-1-1-2\/"},"modified":"2026-02-25T00:01:18","modified_gmt":"2026-02-25T00:01:18","slug":"rezervno-staklo-za-guidi-rgl-1162-1-1-2","status":"publish","type":"product","link":"https:\/\/stoic-curie.212-227-153-4.plesk.page\/hr\/product\/rezervno-staklo-za-guidi-rgl-1162-1-1-2\/","title":{"rendered":"Rezervno staklo za Guidi Rgl-1162 ( 1 1\/2)"},"content":{"rendered":"<p>Rezervno staklo za Guidi Rgl-1162 ( 1 1\/2) &#8211; <\/p>\n<p>Filtr za morsku vodu od niklanog bronce s dijelovima od nehr\u0111aju\u0107eg \u010delika, odobren od R.I.Na. Za pumpe velike kapaciteta i hla\u0111enje motora.<\/p>\n","protected":false},"excerpt":{"rendered":"<p>Rezervno staklo za Guidi Rgl-1162 ( 1 1\/2) &#8211; Filtr za morsku vodu od niklanog bronce s dijelovima od nehr\u0111aju\u0107eg<\/p>\n","protected":false},"featured_media":5947450,"comment_status":"closed","ping_status":"closed","template":"","meta":[],"product_brand":[2996],"product_cat":[1814],"product_tag":[],"class_list":{"0":"post-3692478","1":"product","2":"type-product","3":"status-publish","4":"has-post-thumbnail","6":"product_brand-guidi-marine-hr","7":"product_cat-filtri-morske-vode","9":"first","10":"instock","11":"shipping-taxable","12":"purchasable","13":"product-type-simple"},"_links":{"self":[{"href":"https:\/\/stoic-curie.212-227-153-4.plesk.page\/hr\/wp-json\/wp\/v2\/product\/3692478","targetHints":{"allow":["GET"]}}],"collection":[{"href":"https:\/\/stoic-curie.212-227-153-4.plesk.page\/hr\/wp-json\/wp\/v2\/product"}],"about":[{"href":"https:\/\/stoic-curie.212-227-153-4.plesk.page\/hr\/wp-json\/wp\/v2\/types\/product"}],"replies":[{"embeddable":true,"href":"https:\/\/stoic-curie.212-227-153-4.plesk.page\/hr\/wp-json\/wp\/v2\/comments?post=3692478"}],"version-history":[{"count":0,"href":"https:\/\/stoic-curie.212-227-153-4.plesk.page\/hr\/wp-json\/wp\/v2\/product\/3692478\/revisions"}],"wp:featuredmedia":[{"embeddable":true,"href":"https:\/\/stoic-curie.212-227-153-4.plesk.page\/hr\/wp-json\/wp\/v2\/media\/5947450"}],"wp:attachment":[{"href":"https:\/\/stoic-curie.212-227-153-4.plesk.page\/hr\/wp-json\/wp\/v2\/media?parent=3692478"}],"wp:term":[{"taxonomy":"product_brand","embeddable":true,"href":"https:\/\/stoic-curie.212-227-153-4.plesk.page\/hr\/wp-json\/wp\/v2\/product_brand?post=3692478"},{"taxonomy":"product_cat","embeddable":true,"href":"https:\/\/stoic-curie.212-227-153-4.plesk.page\/hr\/wp-json\/wp\/v2\/product_cat?post=3692478"},{"taxonomy":"product_tag","embeddable":true,"href":"https:\/\/stoic-curie.212-227-153-4.plesk.page\/hr\/wp-json\/wp\/v2\/product_tag?post=3692478"}],"curies":[{"name":"wp","href":"https:\/\/api.w.org\/{rel}","templated":true}]}}