{"id":3692489,"date":"2025-10-13T13:51:37","date_gmt":"2025-10-13T17:51:37","guid":{"rendered":"https:\/\/stoic-curie.212-227-153-4.plesk.page\/product\/palubni-uljev-za-gorivo-pod-kutom-od-45-za-38-mm\/"},"modified":"2026-02-25T00:01:18","modified_gmt":"2026-02-25T00:01:18","slug":"palubni-uljev-za-gorivo-pod-kutom-od-45-za-38-mm","status":"publish","type":"product","link":"https:\/\/stoic-curie.212-227-153-4.plesk.page\/hr\/product\/palubni-uljev-za-gorivo-pod-kutom-od-45-za-38-mm\/","title":{"rendered":"Palubni uljev za gorivo pod kutom od 45\u00b0 za 38 mm"},"content":{"rendered":"<p>Palubni uljev za gorivo pod kutom od 45\u00b0 za 38 mm &#8211; <\/p>\n<p>Izljevni otvor za poklopac od nehr\u0111aju\u0107eg \u010delika pod kutom.<\/p>\n","protected":false},"excerpt":{"rendered":"<p>Palubni uljev za gorivo pod kutom od 45\u00b0 za 38 mm &#8211; Izljevni otvor za poklopac od nehr\u0111aju\u0107eg \u010delika pod<\/p>\n","protected":false},"featured_media":5940283,"comment_status":"closed","ping_status":"closed","template":"","meta":[],"product_brand":[3356],"product_cat":[1801],"product_tag":[],"class_list":{"0":"post-3692489","1":"product","2":"type-product","3":"status-publish","4":"has-post-thumbnail","6":"product_brand-seaflow-hr","7":"product_cat-cepovi-za-punjenje-goriva","9":"first","10":"instock","11":"shipping-taxable","12":"purchasable","13":"product-type-simple"},"_links":{"self":[{"href":"https:\/\/stoic-curie.212-227-153-4.plesk.page\/hr\/wp-json\/wp\/v2\/product\/3692489","targetHints":{"allow":["GET"]}}],"collection":[{"href":"https:\/\/stoic-curie.212-227-153-4.plesk.page\/hr\/wp-json\/wp\/v2\/product"}],"about":[{"href":"https:\/\/stoic-curie.212-227-153-4.plesk.page\/hr\/wp-json\/wp\/v2\/types\/product"}],"replies":[{"embeddable":true,"href":"https:\/\/stoic-curie.212-227-153-4.plesk.page\/hr\/wp-json\/wp\/v2\/comments?post=3692489"}],"version-history":[{"count":0,"href":"https:\/\/stoic-curie.212-227-153-4.plesk.page\/hr\/wp-json\/wp\/v2\/product\/3692489\/revisions"}],"wp:featuredmedia":[{"embeddable":true,"href":"https:\/\/stoic-curie.212-227-153-4.plesk.page\/hr\/wp-json\/wp\/v2\/media\/5940283"}],"wp:attachment":[{"href":"https:\/\/stoic-curie.212-227-153-4.plesk.page\/hr\/wp-json\/wp\/v2\/media?parent=3692489"}],"wp:term":[{"taxonomy":"product_brand","embeddable":true,"href":"https:\/\/stoic-curie.212-227-153-4.plesk.page\/hr\/wp-json\/wp\/v2\/product_brand?post=3692489"},{"taxonomy":"product_cat","embeddable":true,"href":"https:\/\/stoic-curie.212-227-153-4.plesk.page\/hr\/wp-json\/wp\/v2\/product_cat?post=3692489"},{"taxonomy":"product_tag","embeddable":true,"href":"https:\/\/stoic-curie.212-227-153-4.plesk.page\/hr\/wp-json\/wp\/v2\/product_tag?post=3692489"}],"curies":[{"name":"wp","href":"https:\/\/api.w.org\/{rel}","templated":true}]}}