{"id":3692508,"date":"2025-10-13T13:51:39","date_gmt":"2025-10-13T17:51:39","guid":{"rendered":"https:\/\/stoic-curie.212-227-153-4.plesk.page\/product\/odvodnja-tusa-38-11-2-resetka-75mm\/"},"modified":"2026-02-25T00:01:18","modified_gmt":"2026-02-25T00:01:18","slug":"odvodnja-tusa-38-11-2-resetka-75mm","status":"publish","type":"product","link":"https:\/\/stoic-curie.212-227-153-4.plesk.page\/hr\/product\/odvodnja-tusa-38-11-2-resetka-75mm\/","title":{"rendered":"Odvodnja tu\u0161a 38 (1&#8243;1\/2), re\u0161etka 75mm"},"content":{"rendered":"<p>Odvodnja tu\u0161a 38 (1&#8243;1\/2), re\u0161etka 75mm &#8211; <\/p>\n<p>Odvodni sustav za palubu i kokpit od 316 nehr\u0111aju\u0107eg \u010delika i najlona s izvla\u010divom re\u0161etkom.<\/p>\n","protected":false},"excerpt":{"rendered":"<p>Odvodnja tu\u0161a 38 (1&#8243;1\/2), re\u0161etka 75mm &#8211; Odvodni sustav za palubu i kokpit od 316 nehr\u0111aju\u0107eg \u010delika i najlona s<\/p>\n","protected":false},"featured_media":5947470,"comment_status":"closed","ping_status":"closed","template":"","meta":[],"product_brand":[3356],"product_cat":[1652,1667],"product_tag":[],"class_list":{"0":"post-3692508","1":"product","2":"type-product","3":"status-publish","4":"has-post-thumbnail","6":"product_brand-seaflow-hr","7":"product_cat-brodski-tusevi","8":"product_cat-odvodni-cepovi","10":"first","11":"instock","12":"shipping-taxable","13":"purchasable","14":"product-type-simple"},"_links":{"self":[{"href":"https:\/\/stoic-curie.212-227-153-4.plesk.page\/hr\/wp-json\/wp\/v2\/product\/3692508","targetHints":{"allow":["GET"]}}],"collection":[{"href":"https:\/\/stoic-curie.212-227-153-4.plesk.page\/hr\/wp-json\/wp\/v2\/product"}],"about":[{"href":"https:\/\/stoic-curie.212-227-153-4.plesk.page\/hr\/wp-json\/wp\/v2\/types\/product"}],"replies":[{"embeddable":true,"href":"https:\/\/stoic-curie.212-227-153-4.plesk.page\/hr\/wp-json\/wp\/v2\/comments?post=3692508"}],"version-history":[{"count":0,"href":"https:\/\/stoic-curie.212-227-153-4.plesk.page\/hr\/wp-json\/wp\/v2\/product\/3692508\/revisions"}],"wp:featuredmedia":[{"embeddable":true,"href":"https:\/\/stoic-curie.212-227-153-4.plesk.page\/hr\/wp-json\/wp\/v2\/media\/5947470"}],"wp:attachment":[{"href":"https:\/\/stoic-curie.212-227-153-4.plesk.page\/hr\/wp-json\/wp\/v2\/media?parent=3692508"}],"wp:term":[{"taxonomy":"product_brand","embeddable":true,"href":"https:\/\/stoic-curie.212-227-153-4.plesk.page\/hr\/wp-json\/wp\/v2\/product_brand?post=3692508"},{"taxonomy":"product_cat","embeddable":true,"href":"https:\/\/stoic-curie.212-227-153-4.plesk.page\/hr\/wp-json\/wp\/v2\/product_cat?post=3692508"},{"taxonomy":"product_tag","embeddable":true,"href":"https:\/\/stoic-curie.212-227-153-4.plesk.page\/hr\/wp-json\/wp\/v2\/product_tag?post=3692508"}],"curies":[{"name":"wp","href":"https:\/\/api.w.org\/{rel}","templated":true}]}}