{"id":3692514,"date":"2025-10-13T13:51:40","date_gmt":"2025-10-13T17:51:40","guid":{"rendered":"https:\/\/stoic-curie.212-227-153-4.plesk.page\/product\/y-prikljucak-za-johnson-29-32-29-32-19-cijevi-o-mm\/"},"modified":"2026-02-25T00:01:18","modified_gmt":"2026-02-25T00:01:18","slug":"y-prikljucak-za-johnson-29-32-29-32-19-cijevi-o-mm","status":"publish","type":"product","link":"https:\/\/stoic-curie.212-227-153-4.plesk.page\/hr\/product\/y-prikljucak-za-johnson-29-32-29-32-19-cijevi-o-mm\/","title":{"rendered":"Y prikljucak za Johnson 29\/32-29\/32-19 cijevi \u00f8 mm"},"content":{"rendered":"<p>Y prikljucak za Johnson 29\/32-29\/32-19 cijevi \u00f8 mm &#8211; <\/p>\n<p>Plasti\u010dni dodaci Y Johnson. Omogu\u0107uju dvjema pumpama ispu\u0161tanje kroz jednu jedinu cijev.<\/p>\n","protected":false},"excerpt":{"rendered":"<p>Y prikljucak za Johnson 29\/32-29\/32-19 cijevi \u00f8 mm &#8211; Plasti\u010dni dodaci Y Johnson. Omogu\u0107uju dvjema pumpama ispu\u0161tanje kroz jednu jedinu<\/p>\n","protected":false},"featured_media":5947478,"comment_status":"closed","ping_status":"closed","template":"","meta":[],"product_brand":[3046],"product_cat":[1661],"product_tag":[],"class_list":{"0":"post-3692514","1":"product","2":"type-product","3":"status-publish","4":"has-post-thumbnail","6":"product_brand-johnson-marine-hr","7":"product_cat-elementi-brodskog-vovovoda-plastika","9":"first","10":"instock","11":"shipping-taxable","12":"purchasable","13":"product-type-simple"},"_links":{"self":[{"href":"https:\/\/stoic-curie.212-227-153-4.plesk.page\/hr\/wp-json\/wp\/v2\/product\/3692514","targetHints":{"allow":["GET"]}}],"collection":[{"href":"https:\/\/stoic-curie.212-227-153-4.plesk.page\/hr\/wp-json\/wp\/v2\/product"}],"about":[{"href":"https:\/\/stoic-curie.212-227-153-4.plesk.page\/hr\/wp-json\/wp\/v2\/types\/product"}],"replies":[{"embeddable":true,"href":"https:\/\/stoic-curie.212-227-153-4.plesk.page\/hr\/wp-json\/wp\/v2\/comments?post=3692514"}],"version-history":[{"count":0,"href":"https:\/\/stoic-curie.212-227-153-4.plesk.page\/hr\/wp-json\/wp\/v2\/product\/3692514\/revisions"}],"wp:featuredmedia":[{"embeddable":true,"href":"https:\/\/stoic-curie.212-227-153-4.plesk.page\/hr\/wp-json\/wp\/v2\/media\/5947478"}],"wp:attachment":[{"href":"https:\/\/stoic-curie.212-227-153-4.plesk.page\/hr\/wp-json\/wp\/v2\/media?parent=3692514"}],"wp:term":[{"taxonomy":"product_brand","embeddable":true,"href":"https:\/\/stoic-curie.212-227-153-4.plesk.page\/hr\/wp-json\/wp\/v2\/product_brand?post=3692514"},{"taxonomy":"product_cat","embeddable":true,"href":"https:\/\/stoic-curie.212-227-153-4.plesk.page\/hr\/wp-json\/wp\/v2\/product_cat?post=3692514"},{"taxonomy":"product_tag","embeddable":true,"href":"https:\/\/stoic-curie.212-227-153-4.plesk.page\/hr\/wp-json\/wp\/v2\/product_tag?post=3692514"}],"curies":[{"name":"wp","href":"https:\/\/api.w.org\/{rel}","templated":true}]}}