{"id":3692517,"date":"2025-10-13T13:51:41","date_gmt":"2025-10-13T17:51:41","guid":{"rendered":"https:\/\/stoic-curie.212-227-153-4.plesk.page\/product\/speedfit-linijski-konektor-15-x-3-8\/"},"modified":"2026-02-25T00:01:18","modified_gmt":"2026-02-25T00:01:18","slug":"speedfit-linijski-konektor-15-x-3-8","status":"publish","type":"product","link":"https:\/\/stoic-curie.212-227-153-4.plesk.page\/hr\/product\/speedfit-linijski-konektor-15-x-3-8\/","title":{"rendered":"Speedfit linijski konektor 15 x 3\/8"},"content":{"rendered":"<p>Speedfit linijski konektor 15 x 3\/8 &#8211; <\/p>\n<p>John Guest brzi spojnici za sanitarne sustave. Sustav veze s brzim spojem s pincetama od nehr\u0111aju\u0107eg \u010delika za dr\u017eanje cijevi i O-prstenom za osiguranje savr\u0161enog brtvljenja. Radna temperatura i tlak: Opskrba hladnom vodom: standardna temperatura od 1 \u00b0C do 20 \u00b0C. Maksimalni tlak 12 bara. Opskrba toplom vodom: standardna temperatura 65 \u00b0C &#8211; 95 \u00b0C max. Maksimalni tlak 6 bara. Navojni zavr\u0161etak umetnut je u spojni kut, u T spoj ili u ravni spoj kada je potrebna navojna veza.<\/p>\n","protected":false},"excerpt":{"rendered":"<p>Speedfit linijski konektor 15 x 3\/8 &#8211; John Guest brzi spojnici za sanitarne sustave. Sustav veze s brzim spojem s<\/p>\n","protected":false},"featured_media":5947492,"comment_status":"closed","ping_status":"closed","template":"","meta":[],"product_brand":[3426],"product_cat":[1661],"product_tag":[],"class_list":{"0":"post-3692517","1":"product","2":"type-product","3":"status-publish","4":"has-post-thumbnail","6":"product_brand-speedfit-hr","7":"product_cat-elementi-brodskog-vovovoda-plastika","9":"first","10":"instock","11":"shipping-taxable","12":"purchasable","13":"product-type-simple"},"_links":{"self":[{"href":"https:\/\/stoic-curie.212-227-153-4.plesk.page\/hr\/wp-json\/wp\/v2\/product\/3692517","targetHints":{"allow":["GET"]}}],"collection":[{"href":"https:\/\/stoic-curie.212-227-153-4.plesk.page\/hr\/wp-json\/wp\/v2\/product"}],"about":[{"href":"https:\/\/stoic-curie.212-227-153-4.plesk.page\/hr\/wp-json\/wp\/v2\/types\/product"}],"replies":[{"embeddable":true,"href":"https:\/\/stoic-curie.212-227-153-4.plesk.page\/hr\/wp-json\/wp\/v2\/comments?post=3692517"}],"version-history":[{"count":0,"href":"https:\/\/stoic-curie.212-227-153-4.plesk.page\/hr\/wp-json\/wp\/v2\/product\/3692517\/revisions"}],"wp:featuredmedia":[{"embeddable":true,"href":"https:\/\/stoic-curie.212-227-153-4.plesk.page\/hr\/wp-json\/wp\/v2\/media\/5947492"}],"wp:attachment":[{"href":"https:\/\/stoic-curie.212-227-153-4.plesk.page\/hr\/wp-json\/wp\/v2\/media?parent=3692517"}],"wp:term":[{"taxonomy":"product_brand","embeddable":true,"href":"https:\/\/stoic-curie.212-227-153-4.plesk.page\/hr\/wp-json\/wp\/v2\/product_brand?post=3692517"},{"taxonomy":"product_cat","embeddable":true,"href":"https:\/\/stoic-curie.212-227-153-4.plesk.page\/hr\/wp-json\/wp\/v2\/product_cat?post=3692517"},{"taxonomy":"product_tag","embeddable":true,"href":"https:\/\/stoic-curie.212-227-153-4.plesk.page\/hr\/wp-json\/wp\/v2\/product_tag?post=3692517"}],"curies":[{"name":"wp","href":"https:\/\/api.w.org\/{rel}","templated":true}]}}