{"id":3692519,"date":"2025-10-13T13:51:41","date_gmt":"2025-10-13T17:51:41","guid":{"rendered":"https:\/\/stoic-curie.212-227-153-4.plesk.page\/product\/speedfit-adapter-15-x-3-8\/"},"modified":"2026-02-25T00:01:18","modified_gmt":"2026-02-25T00:01:18","slug":"speedfit-adapter-15-x-3-8","status":"publish","type":"product","link":"https:\/\/stoic-curie.212-227-153-4.plesk.page\/hr\/product\/speedfit-adapter-15-x-3-8\/","title":{"rendered":"Speedfit adapter 15 x 3\/8"},"content":{"rendered":"<p>Speedfit adapter 15 x 3\/8 &#8211; <\/p>\n<p>John Guest brze spojnice za sanitarne sustave. Push-fit sustav povezivanja sa stezaljkama od nehr\u0111aju\u0107eg \u010delika za dr\u017eanje cijevi i O-prstenom koji osigurava savr\u0161eno brtvljenje. Radna temperatura i pritisak: Opskrba hladnom vodom: standardna temperatura od 1\u00b0 do 20\u00b0. Maksimalni tlak 12 bar. Opskrba toplom vodom: standardna temperatura 65\u00b0 &#8211; 95\u00b0 max. Maksimalni tlak 6 bar. Navojni terminal se umetne u spojni kut, u T-priklju\u010dak ili u ravni priklju\u010dak kada je potreban navojni spoj.<\/p>\n","protected":false},"excerpt":{"rendered":"<p>Speedfit adapter 15 x 3\/8 &#8211; John Guest brze spojnice za sanitarne sustave. Push-fit sustav povezivanja sa stezaljkama od nehr\u0111aju\u0107eg<\/p>\n","protected":false},"featured_media":5947493,"comment_status":"closed","ping_status":"closed","template":"","meta":[],"product_brand":[3426],"product_cat":[1661],"product_tag":[],"class_list":{"0":"post-3692519","1":"product","2":"type-product","3":"status-publish","4":"has-post-thumbnail","6":"product_brand-speedfit-hr","7":"product_cat-elementi-brodskog-vovovoda-plastika","9":"first","10":"instock","11":"shipping-taxable","12":"purchasable","13":"product-type-simple"},"_links":{"self":[{"href":"https:\/\/stoic-curie.212-227-153-4.plesk.page\/hr\/wp-json\/wp\/v2\/product\/3692519","targetHints":{"allow":["GET"]}}],"collection":[{"href":"https:\/\/stoic-curie.212-227-153-4.plesk.page\/hr\/wp-json\/wp\/v2\/product"}],"about":[{"href":"https:\/\/stoic-curie.212-227-153-4.plesk.page\/hr\/wp-json\/wp\/v2\/types\/product"}],"replies":[{"embeddable":true,"href":"https:\/\/stoic-curie.212-227-153-4.plesk.page\/hr\/wp-json\/wp\/v2\/comments?post=3692519"}],"version-history":[{"count":0,"href":"https:\/\/stoic-curie.212-227-153-4.plesk.page\/hr\/wp-json\/wp\/v2\/product\/3692519\/revisions"}],"wp:featuredmedia":[{"embeddable":true,"href":"https:\/\/stoic-curie.212-227-153-4.plesk.page\/hr\/wp-json\/wp\/v2\/media\/5947493"}],"wp:attachment":[{"href":"https:\/\/stoic-curie.212-227-153-4.plesk.page\/hr\/wp-json\/wp\/v2\/media?parent=3692519"}],"wp:term":[{"taxonomy":"product_brand","embeddable":true,"href":"https:\/\/stoic-curie.212-227-153-4.plesk.page\/hr\/wp-json\/wp\/v2\/product_brand?post=3692519"},{"taxonomy":"product_cat","embeddable":true,"href":"https:\/\/stoic-curie.212-227-153-4.plesk.page\/hr\/wp-json\/wp\/v2\/product_cat?post=3692519"},{"taxonomy":"product_tag","embeddable":true,"href":"https:\/\/stoic-curie.212-227-153-4.plesk.page\/hr\/wp-json\/wp\/v2\/product_tag?post=3692519"}],"curies":[{"name":"wp","href":"https:\/\/api.w.org\/{rel}","templated":true}]}}