{"id":3692521,"date":"2025-10-13T13:51:41","date_gmt":"2025-10-13T17:51:41","guid":{"rendered":"https:\/\/stoic-curie.212-227-153-4.plesk.page\/product\/fleksibilna-cijev-speedfit-15-x-3-4\/"},"modified":"2026-02-25T00:01:18","modified_gmt":"2026-02-25T00:01:18","slug":"fleksibilna-cijev-speedfit-15-x-3-4","status":"publish","type":"product","link":"https:\/\/stoic-curie.212-227-153-4.plesk.page\/hr\/product\/fleksibilna-cijev-speedfit-15-x-3-4\/","title":{"rendered":"Fleksibilna cijev Speedfit 15 x 3\/4"},"content":{"rendered":"<p>Fleksibilna cijev Speedfit 15 x 3\/4 &#8211; <\/p>\n<p>John Guest brzi spojni pribor za sanitarne sustave. Sustav brtvljenja s pritiskom s pincetama od nehr\u0111aju\u0107eg \u010delika za osiguranje cijevi i O-prstenom za osiguranje savr\u0161enog brtvljenja. Radna temperatura i tlak: Opskrba hladnom vodom: standardna temperatura od 1\u00b0 do 20\u00b0. Maksimalni tlak 12 bara. Opskrba toplom vodom: standardna temperatura 65\u00b0 &#8211; 95\u00b0 max. Maksimalni tlak 6 bara. Navojni terminal umetnut je u spojnu koljeno, u T-spoj ili u ravni spoj kad je potreban navojni spoj.<\/p>\n","protected":false},"excerpt":{"rendered":"<p>Fleksibilna cijev Speedfit 15 x 3\/4 &#8211; John Guest brzi spojni pribor za sanitarne sustave. Sustav brtvljenja s pritiskom s<\/p>\n","protected":false},"featured_media":5947494,"comment_status":"closed","ping_status":"closed","template":"","meta":[],"product_brand":[3426],"product_cat":[1661],"product_tag":[],"class_list":{"0":"post-3692521","1":"product","2":"type-product","3":"status-publish","4":"has-post-thumbnail","6":"product_brand-speedfit-hr","7":"product_cat-elementi-brodskog-vovovoda-plastika","9":"first","10":"instock","11":"shipping-taxable","12":"purchasable","13":"product-type-simple"},"_links":{"self":[{"href":"https:\/\/stoic-curie.212-227-153-4.plesk.page\/hr\/wp-json\/wp\/v2\/product\/3692521","targetHints":{"allow":["GET"]}}],"collection":[{"href":"https:\/\/stoic-curie.212-227-153-4.plesk.page\/hr\/wp-json\/wp\/v2\/product"}],"about":[{"href":"https:\/\/stoic-curie.212-227-153-4.plesk.page\/hr\/wp-json\/wp\/v2\/types\/product"}],"replies":[{"embeddable":true,"href":"https:\/\/stoic-curie.212-227-153-4.plesk.page\/hr\/wp-json\/wp\/v2\/comments?post=3692521"}],"version-history":[{"count":0,"href":"https:\/\/stoic-curie.212-227-153-4.plesk.page\/hr\/wp-json\/wp\/v2\/product\/3692521\/revisions"}],"wp:featuredmedia":[{"embeddable":true,"href":"https:\/\/stoic-curie.212-227-153-4.plesk.page\/hr\/wp-json\/wp\/v2\/media\/5947494"}],"wp:attachment":[{"href":"https:\/\/stoic-curie.212-227-153-4.plesk.page\/hr\/wp-json\/wp\/v2\/media?parent=3692521"}],"wp:term":[{"taxonomy":"product_brand","embeddable":true,"href":"https:\/\/stoic-curie.212-227-153-4.plesk.page\/hr\/wp-json\/wp\/v2\/product_brand?post=3692521"},{"taxonomy":"product_cat","embeddable":true,"href":"https:\/\/stoic-curie.212-227-153-4.plesk.page\/hr\/wp-json\/wp\/v2\/product_cat?post=3692521"},{"taxonomy":"product_tag","embeddable":true,"href":"https:\/\/stoic-curie.212-227-153-4.plesk.page\/hr\/wp-json\/wp\/v2\/product_tag?post=3692521"}],"curies":[{"name":"wp","href":"https:\/\/api.w.org\/{rel}","templated":true}]}}