{"id":3692555,"date":"2025-10-13T13:51:46","date_gmt":"2025-10-13T17:51:46","guid":{"rendered":"https:\/\/stoic-curie.212-227-153-4.plesk.page\/product\/rastezljiva-cijev-za-vodu-yoyo-d-15-m\/"},"modified":"2026-02-25T00:01:18","modified_gmt":"2026-02-25T00:01:18","slug":"rastezljiva-cijev-za-vodu-yoyo-d-15-m","status":"publish","type":"product","link":"https:\/\/stoic-curie.212-227-153-4.plesk.page\/hr\/product\/rastezljiva-cijev-za-vodu-yoyo-d-15-m\/","title":{"rendered":"Rastezljiva cijev za vodu Yoyo d 15 m"},"content":{"rendered":"<p>Rastezljiva cijev za vodu Yoyo d 15 m &#8211; <\/p>\n<p>Kompatna, lagana i prakti\u010dna Ikon produ\u017eiva\u010d crijevo za vodu. Paket spreman za upotrebu s produ\u017eiva\u010dem crijeva, vi\u0161estrukom mlaznicom i priklju\u010dcima. Konstrukcija otporna na abraziju od termoplasti\u010dnog elastomera s oja\u010danjem od najlona. Kada se aktivira, crijevo se prote\u017ee otprilike dvostruko od svoje izvorne duljine, ne savija se i osigurava stalan protok vode.<\/p>\n","protected":false},"excerpt":{"rendered":"<p>Rastezljiva cijev za vodu Yoyo d 15 m &#8211; Kompatna, lagana i prakti\u010dna Ikon produ\u017eiva\u010d crijevo za vodu. Paket spreman<\/p>\n","protected":false},"featured_media":5947505,"comment_status":"closed","ping_status":"closed","template":"","meta":[],"product_brand":[3236],"product_cat":[1631],"product_tag":[],"class_list":{"0":"post-3692555","1":"product","2":"type-product","3":"status-publish","4":"has-post-thumbnail","6":"product_brand-osculati-hr","7":"product_cat-alati-za-ciscenje","9":"first","10":"instock","11":"shipping-taxable","12":"purchasable","13":"product-type-simple"},"_links":{"self":[{"href":"https:\/\/stoic-curie.212-227-153-4.plesk.page\/hr\/wp-json\/wp\/v2\/product\/3692555","targetHints":{"allow":["GET"]}}],"collection":[{"href":"https:\/\/stoic-curie.212-227-153-4.plesk.page\/hr\/wp-json\/wp\/v2\/product"}],"about":[{"href":"https:\/\/stoic-curie.212-227-153-4.plesk.page\/hr\/wp-json\/wp\/v2\/types\/product"}],"replies":[{"embeddable":true,"href":"https:\/\/stoic-curie.212-227-153-4.plesk.page\/hr\/wp-json\/wp\/v2\/comments?post=3692555"}],"version-history":[{"count":0,"href":"https:\/\/stoic-curie.212-227-153-4.plesk.page\/hr\/wp-json\/wp\/v2\/product\/3692555\/revisions"}],"wp:featuredmedia":[{"embeddable":true,"href":"https:\/\/stoic-curie.212-227-153-4.plesk.page\/hr\/wp-json\/wp\/v2\/media\/5947505"}],"wp:attachment":[{"href":"https:\/\/stoic-curie.212-227-153-4.plesk.page\/hr\/wp-json\/wp\/v2\/media?parent=3692555"}],"wp:term":[{"taxonomy":"product_brand","embeddable":true,"href":"https:\/\/stoic-curie.212-227-153-4.plesk.page\/hr\/wp-json\/wp\/v2\/product_brand?post=3692555"},{"taxonomy":"product_cat","embeddable":true,"href":"https:\/\/stoic-curie.212-227-153-4.plesk.page\/hr\/wp-json\/wp\/v2\/product_cat?post=3692555"},{"taxonomy":"product_tag","embeddable":true,"href":"https:\/\/stoic-curie.212-227-153-4.plesk.page\/hr\/wp-json\/wp\/v2\/product_tag?post=3692555"}],"curies":[{"name":"wp","href":"https:\/\/api.w.org\/{rel}","templated":true}]}}