{"id":3692558,"date":"2025-10-13T13:51:47","date_gmt":"2025-10-13T17:51:47","guid":{"rendered":"https:\/\/stoic-curie.212-227-153-4.plesk.page\/product\/obujmica-za-crijevo-od-nehrdajuceg-celika-33-57mm\/"},"modified":"2026-02-25T00:01:18","modified_gmt":"2026-02-25T00:01:18","slug":"obujmica-za-crijevo-od-nehrdajuceg-celika-33-57mm","status":"publish","type":"product","link":"https:\/\/stoic-curie.212-227-153-4.plesk.page\/hr\/product\/obujmica-za-crijevo-od-nehrdajuceg-celika-33-57mm\/","title":{"rendered":"Obujmica za crijevo od nehr\u0111aju\u0107eg \u010delika 33-57mm"},"content":{"rendered":"<p>Obujmica za crijevo od nehr\u0111aju\u0107eg \u010delika 33-57mm &#8211; <\/p>\n<p>Te\u0161ke stezaljke s vi\u0161e od tri puta ja\u010dim zadr\u017eavanjem spoja od standardnih stezaljki. Traka, ku\u0107i\u0161te i vijak od nehr\u0111aju\u0107eg \u010delika 316. Ne o\u0161te\u0107ujte crijeva.<\/p>\n","protected":false},"excerpt":{"rendered":"<p>Obujmica za crijevo od nehr\u0111aju\u0107eg \u010delika 33-57mm &#8211; Te\u0161ke stezaljke s vi\u0161e od tri puta ja\u010dim zadr\u017eavanjem spoja od standardnih<\/p>\n","protected":false},"featured_media":5947511,"comment_status":"closed","ping_status":"closed","template":"","meta":[],"product_brand":[3356],"product_cat":[1674],"product_tag":[],"class_list":{"0":"post-3692558","1":"product","2":"type-product","3":"status-publish","4":"has-post-thumbnail","6":"product_brand-seaflow-hr","7":"product_cat-stezaljke-za-crijeva","9":"first","10":"instock","11":"shipping-taxable","12":"purchasable","13":"product-type-simple"},"_links":{"self":[{"href":"https:\/\/stoic-curie.212-227-153-4.plesk.page\/hr\/wp-json\/wp\/v2\/product\/3692558","targetHints":{"allow":["GET"]}}],"collection":[{"href":"https:\/\/stoic-curie.212-227-153-4.plesk.page\/hr\/wp-json\/wp\/v2\/product"}],"about":[{"href":"https:\/\/stoic-curie.212-227-153-4.plesk.page\/hr\/wp-json\/wp\/v2\/types\/product"}],"replies":[{"embeddable":true,"href":"https:\/\/stoic-curie.212-227-153-4.plesk.page\/hr\/wp-json\/wp\/v2\/comments?post=3692558"}],"version-history":[{"count":0,"href":"https:\/\/stoic-curie.212-227-153-4.plesk.page\/hr\/wp-json\/wp\/v2\/product\/3692558\/revisions"}],"wp:featuredmedia":[{"embeddable":true,"href":"https:\/\/stoic-curie.212-227-153-4.plesk.page\/hr\/wp-json\/wp\/v2\/media\/5947511"}],"wp:attachment":[{"href":"https:\/\/stoic-curie.212-227-153-4.plesk.page\/hr\/wp-json\/wp\/v2\/media?parent=3692558"}],"wp:term":[{"taxonomy":"product_brand","embeddable":true,"href":"https:\/\/stoic-curie.212-227-153-4.plesk.page\/hr\/wp-json\/wp\/v2\/product_brand?post=3692558"},{"taxonomy":"product_cat","embeddable":true,"href":"https:\/\/stoic-curie.212-227-153-4.plesk.page\/hr\/wp-json\/wp\/v2\/product_cat?post=3692558"},{"taxonomy":"product_tag","embeddable":true,"href":"https:\/\/stoic-curie.212-227-153-4.plesk.page\/hr\/wp-json\/wp\/v2\/product_tag?post=3692558"}],"curies":[{"name":"wp","href":"https:\/\/api.w.org\/{rel}","templated":true}]}}