{"id":3692576,"date":"2025-10-13T13:51:50","date_gmt":"2025-10-13T17:51:50","guid":{"rendered":"https:\/\/stoic-curie.212-227-153-4.plesk.page\/product\/ravni-konektor-20-25mm-za-attwood-tsunami\/"},"modified":"2026-02-25T00:01:18","modified_gmt":"2026-02-25T00:01:18","slug":"ravni-konektor-20-25mm-za-attwood-tsunami","status":"publish","type":"product","link":"https:\/\/stoic-curie.212-227-153-4.plesk.page\/hr\/product\/ravni-konektor-20-25mm-za-attwood-tsunami\/","title":{"rendered":"Ravni konektor 20-25mm za Attwood Tsunami"},"content":{"rendered":"<p>Ravni konektor 20-25mm za Attwood Tsunami &#8211; <\/p>\n<p>Zaljevska pumpa Attwood Tsunami MK2 sa podvodnim motorom ima odvojivu podlogu i glavu radi lak\u0161eg \u010di\u0161\u0107enja. Zape\u010da\u0107eni motor je za\u0161ti\u0107en od elektrolo\u0161kih o\u0161te\u0107enja i ima X-Air impeler koji sprje\u010dava suho rad i ulazak zraka u ispu\u0161nu cijev. Navojni priklju\u010dci 1&#8243;3\/8 (35 mm) mogu se dovr\u0161iti ravnim ili kutnim podesivim spojnicama s nepovratnim ventilom.<\/p>\n","protected":false},"excerpt":{"rendered":"<p>Ravni konektor 20-25mm za Attwood Tsunami &#8211; Zaljevska pumpa Attwood Tsunami MK2 sa podvodnim motorom ima odvojivu podlogu i glavu<\/p>\n","protected":false},"featured_media":5947523,"comment_status":"closed","ping_status":"closed","template":"","meta":[],"product_brand":[2806],"product_cat":[1659],"product_tag":[],"class_list":{"0":"post-3692576","1":"product","2":"type-product","3":"status-publish","4":"has-post-thumbnail","6":"product_brand-attwood-hr","7":"product_cat-elektricne-kaljuzne-pumpe","9":"first","10":"instock","11":"shipping-taxable","12":"purchasable","13":"product-type-simple"},"_links":{"self":[{"href":"https:\/\/stoic-curie.212-227-153-4.plesk.page\/hr\/wp-json\/wp\/v2\/product\/3692576","targetHints":{"allow":["GET"]}}],"collection":[{"href":"https:\/\/stoic-curie.212-227-153-4.plesk.page\/hr\/wp-json\/wp\/v2\/product"}],"about":[{"href":"https:\/\/stoic-curie.212-227-153-4.plesk.page\/hr\/wp-json\/wp\/v2\/types\/product"}],"replies":[{"embeddable":true,"href":"https:\/\/stoic-curie.212-227-153-4.plesk.page\/hr\/wp-json\/wp\/v2\/comments?post=3692576"}],"version-history":[{"count":0,"href":"https:\/\/stoic-curie.212-227-153-4.plesk.page\/hr\/wp-json\/wp\/v2\/product\/3692576\/revisions"}],"wp:featuredmedia":[{"embeddable":true,"href":"https:\/\/stoic-curie.212-227-153-4.plesk.page\/hr\/wp-json\/wp\/v2\/media\/5947523"}],"wp:attachment":[{"href":"https:\/\/stoic-curie.212-227-153-4.plesk.page\/hr\/wp-json\/wp\/v2\/media?parent=3692576"}],"wp:term":[{"taxonomy":"product_brand","embeddable":true,"href":"https:\/\/stoic-curie.212-227-153-4.plesk.page\/hr\/wp-json\/wp\/v2\/product_brand?post=3692576"},{"taxonomy":"product_cat","embeddable":true,"href":"https:\/\/stoic-curie.212-227-153-4.plesk.page\/hr\/wp-json\/wp\/v2\/product_cat?post=3692576"},{"taxonomy":"product_tag","embeddable":true,"href":"https:\/\/stoic-curie.212-227-153-4.plesk.page\/hr\/wp-json\/wp\/v2\/product_tag?post=3692576"}],"curies":[{"name":"wp","href":"https:\/\/api.w.org\/{rel}","templated":true}]}}