{"id":3692577,"date":"2025-10-13T13:51:50","date_gmt":"2025-10-13T17:51:50","guid":{"rendered":"https:\/\/stoic-curie.212-227-153-4.plesk.page\/product\/koljenasti-prikjucak-20-25mm-za-attwood-tsunami\/"},"modified":"2026-02-25T00:01:18","modified_gmt":"2026-02-25T00:01:18","slug":"koljenasti-prikjucak-20-25mm-za-attwood-tsunami","status":"publish","type":"product","link":"https:\/\/stoic-curie.212-227-153-4.plesk.page\/hr\/product\/koljenasti-prikjucak-20-25mm-za-attwood-tsunami\/","title":{"rendered":"Koljenasti prikju\u010dak 20-25mm za Attwood Tsunami"},"content":{"rendered":"<p>Koljenasti prikju\u010dak 20-25mm za Attwood Tsunami &#8211; <\/p>\n<p>Podmorska pumpa za balast Attwood Tsunami MK2 s odvojivom podlogom i glavom za lako \u010di\u0161\u0107enje. Zape\u010da\u0107eni motor za\u0161ti\u0107en od o\u0161te\u0107enja elektrolizom s X-Air impelerom koji sprje\u010dava suho rada i ulazak zraka u ispu\u0161ne cijevi.<\/p>\n<p> 1&#8243;3\/8 (35mm) navojni priklju\u010dci koje je mogu\u0107e dopuniti pravim ili kutnim podesivim priklju\u010dcima s povratnom ventilom.<\/p>\n","protected":false},"excerpt":{"rendered":"<p>Koljenasti prikju\u010dak 20-25mm za Attwood Tsunami &#8211; Podmorska pumpa za balast Attwood Tsunami MK2 s odvojivom podlogom i glavom za<\/p>\n","protected":false},"featured_media":5947527,"comment_status":"closed","ping_status":"closed","template":"","meta":[],"product_brand":[2806],"product_cat":[1659],"product_tag":[],"class_list":{"0":"post-3692577","1":"product","2":"type-product","3":"status-publish","4":"has-post-thumbnail","6":"product_brand-attwood-hr","7":"product_cat-elektricne-kaljuzne-pumpe","9":"first","10":"instock","11":"shipping-taxable","12":"purchasable","13":"product-type-simple"},"_links":{"self":[{"href":"https:\/\/stoic-curie.212-227-153-4.plesk.page\/hr\/wp-json\/wp\/v2\/product\/3692577","targetHints":{"allow":["GET"]}}],"collection":[{"href":"https:\/\/stoic-curie.212-227-153-4.plesk.page\/hr\/wp-json\/wp\/v2\/product"}],"about":[{"href":"https:\/\/stoic-curie.212-227-153-4.plesk.page\/hr\/wp-json\/wp\/v2\/types\/product"}],"replies":[{"embeddable":true,"href":"https:\/\/stoic-curie.212-227-153-4.plesk.page\/hr\/wp-json\/wp\/v2\/comments?post=3692577"}],"version-history":[{"count":0,"href":"https:\/\/stoic-curie.212-227-153-4.plesk.page\/hr\/wp-json\/wp\/v2\/product\/3692577\/revisions"}],"wp:featuredmedia":[{"embeddable":true,"href":"https:\/\/stoic-curie.212-227-153-4.plesk.page\/hr\/wp-json\/wp\/v2\/media\/5947527"}],"wp:attachment":[{"href":"https:\/\/stoic-curie.212-227-153-4.plesk.page\/hr\/wp-json\/wp\/v2\/media?parent=3692577"}],"wp:term":[{"taxonomy":"product_brand","embeddable":true,"href":"https:\/\/stoic-curie.212-227-153-4.plesk.page\/hr\/wp-json\/wp\/v2\/product_brand?post=3692577"},{"taxonomy":"product_cat","embeddable":true,"href":"https:\/\/stoic-curie.212-227-153-4.plesk.page\/hr\/wp-json\/wp\/v2\/product_cat?post=3692577"},{"taxonomy":"product_tag","embeddable":true,"href":"https:\/\/stoic-curie.212-227-153-4.plesk.page\/hr\/wp-json\/wp\/v2\/product_tag?post=3692577"}],"curies":[{"name":"wp","href":"https:\/\/api.w.org\/{rel}","templated":true}]}}