{"id":3692579,"date":"2025-10-13T13:51:50","date_gmt":"2025-10-13T17:51:50","guid":{"rendered":"https:\/\/stoic-curie.212-227-153-4.plesk.page\/product\/koljenasti-prikljucak25-28mm-za-attwood-tsunami\/"},"modified":"2026-02-25T00:01:18","modified_gmt":"2026-02-25T00:01:18","slug":"koljenasti-prikljucak25-28mm-za-attwood-tsunami","status":"publish","type":"product","link":"https:\/\/stoic-curie.212-227-153-4.plesk.page\/hr\/product\/koljenasti-prikljucak25-28mm-za-attwood-tsunami\/","title":{"rendered":"Koljenasti priklju\u010dak25-28mm za Attwood Tsunami"},"content":{"rendered":"<p>Koljenasti priklju\u010dak25-28mm za Attwood Tsunami &#8211; <\/p>\n<p>Utonula pumpa za odvodnjavanje Attwood Tsunami MK2 s odvojivom osnovom i glavom za lako \u010di\u0161\u0107enje. Zape\u010da\u0107eni motor za\u0161ti\u0107en od o\u0161te\u0107enja elektrodezom s X-Air impelerom koji sprje\u010dava suho rad i ulazak zraka u ispu\u0161ne cijevi. Navojne luke 1&#8243;3\/8 (35mm) trebaju se zavr\u0161iti ravnim ili kutnim podesivim priklju\u010dcima s povratnim ventilom.<\/p>\n","protected":false},"excerpt":{"rendered":"<p>Koljenasti priklju\u010dak25-28mm za Attwood Tsunami &#8211; Utonula pumpa za odvodnjavanje Attwood Tsunami MK2 s odvojivom osnovom i glavom za lako<\/p>\n","protected":false},"featured_media":5947529,"comment_status":"closed","ping_status":"closed","template":"","meta":[],"product_brand":[2806],"product_cat":[1659],"product_tag":[],"class_list":{"0":"post-3692579","1":"product","2":"type-product","3":"status-publish","4":"has-post-thumbnail","6":"product_brand-attwood-hr","7":"product_cat-elektricne-kaljuzne-pumpe","9":"first","10":"instock","11":"shipping-taxable","12":"purchasable","13":"product-type-simple"},"_links":{"self":[{"href":"https:\/\/stoic-curie.212-227-153-4.plesk.page\/hr\/wp-json\/wp\/v2\/product\/3692579","targetHints":{"allow":["GET"]}}],"collection":[{"href":"https:\/\/stoic-curie.212-227-153-4.plesk.page\/hr\/wp-json\/wp\/v2\/product"}],"about":[{"href":"https:\/\/stoic-curie.212-227-153-4.plesk.page\/hr\/wp-json\/wp\/v2\/types\/product"}],"replies":[{"embeddable":true,"href":"https:\/\/stoic-curie.212-227-153-4.plesk.page\/hr\/wp-json\/wp\/v2\/comments?post=3692579"}],"version-history":[{"count":0,"href":"https:\/\/stoic-curie.212-227-153-4.plesk.page\/hr\/wp-json\/wp\/v2\/product\/3692579\/revisions"}],"wp:featuredmedia":[{"embeddable":true,"href":"https:\/\/stoic-curie.212-227-153-4.plesk.page\/hr\/wp-json\/wp\/v2\/media\/5947529"}],"wp:attachment":[{"href":"https:\/\/stoic-curie.212-227-153-4.plesk.page\/hr\/wp-json\/wp\/v2\/media?parent=3692579"}],"wp:term":[{"taxonomy":"product_brand","embeddable":true,"href":"https:\/\/stoic-curie.212-227-153-4.plesk.page\/hr\/wp-json\/wp\/v2\/product_brand?post=3692579"},{"taxonomy":"product_cat","embeddable":true,"href":"https:\/\/stoic-curie.212-227-153-4.plesk.page\/hr\/wp-json\/wp\/v2\/product_cat?post=3692579"},{"taxonomy":"product_tag","embeddable":true,"href":"https:\/\/stoic-curie.212-227-153-4.plesk.page\/hr\/wp-json\/wp\/v2\/product_tag?post=3692579"}],"curies":[{"name":"wp","href":"https:\/\/api.w.org\/{rel}","templated":true}]}}