{"id":3692580,"date":"2025-10-13T13:51:50","date_gmt":"2025-10-13T17:51:50","guid":{"rendered":"https:\/\/stoic-curie.212-227-153-4.plesk.page\/product\/koljenasti-prikljucak-25-28mm-za-attwood-sahara\/"},"modified":"2026-02-25T00:01:18","modified_gmt":"2026-02-25T00:01:18","slug":"koljenasti-prikljucak-25-28mm-za-attwood-sahara","status":"publish","type":"product","link":"https:\/\/stoic-curie.212-227-153-4.plesk.page\/hr\/product\/koljenasti-prikljucak-25-28mm-za-attwood-sahara\/","title":{"rendered":"Koljenasti priklju\u010dak 25-28mm za Attwood Sahara"},"content":{"rendered":"<p>Koljenasti priklju\u010dak 25-28mm za Attwood Sahara &#8211; <\/p>\n<p>Attwood Sahara MK2\u00c2\u00a0potopna pumpe za izbacivanje s integriranim plovkom i odvojivom glavom za lako \u010di\u0161\u0107enje. Zape\u010da\u0107eni motor za\u0161ti\u0107en od o\u0161te\u0107enja elektroizolacijom s X-Air impelerom koji spre\u010dava suho rad i ulazak zraka u ispu\u0161ne cijevi. Diodne navoje od 1&#8243;3\/8 (35mm) koje je potrebno dovr\u0161iti ravnim ili kutnim podesivim spojnicama s povratnim ventilom.<\/p>\n","protected":false},"excerpt":{"rendered":"<p>Koljenasti priklju\u010dak 25-28mm za Attwood Sahara &#8211; Attwood Sahara MK2\u00c2\u00a0potopna pumpe za izbacivanje s integriranim plovkom i odvojivom glavom za<\/p>\n","protected":false},"featured_media":5947537,"comment_status":"closed","ping_status":"closed","template":"","meta":[],"product_brand":[2806],"product_cat":[1659],"product_tag":[],"class_list":{"0":"post-3692580","1":"product","2":"type-product","3":"status-publish","4":"has-post-thumbnail","6":"product_brand-attwood-hr","7":"product_cat-elektricne-kaljuzne-pumpe","9":"first","10":"instock","11":"shipping-taxable","12":"purchasable","13":"product-type-simple"},"_links":{"self":[{"href":"https:\/\/stoic-curie.212-227-153-4.plesk.page\/hr\/wp-json\/wp\/v2\/product\/3692580","targetHints":{"allow":["GET"]}}],"collection":[{"href":"https:\/\/stoic-curie.212-227-153-4.plesk.page\/hr\/wp-json\/wp\/v2\/product"}],"about":[{"href":"https:\/\/stoic-curie.212-227-153-4.plesk.page\/hr\/wp-json\/wp\/v2\/types\/product"}],"replies":[{"embeddable":true,"href":"https:\/\/stoic-curie.212-227-153-4.plesk.page\/hr\/wp-json\/wp\/v2\/comments?post=3692580"}],"version-history":[{"count":0,"href":"https:\/\/stoic-curie.212-227-153-4.plesk.page\/hr\/wp-json\/wp\/v2\/product\/3692580\/revisions"}],"wp:featuredmedia":[{"embeddable":true,"href":"https:\/\/stoic-curie.212-227-153-4.plesk.page\/hr\/wp-json\/wp\/v2\/media\/5947537"}],"wp:attachment":[{"href":"https:\/\/stoic-curie.212-227-153-4.plesk.page\/hr\/wp-json\/wp\/v2\/media?parent=3692580"}],"wp:term":[{"taxonomy":"product_brand","embeddable":true,"href":"https:\/\/stoic-curie.212-227-153-4.plesk.page\/hr\/wp-json\/wp\/v2\/product_brand?post=3692580"},{"taxonomy":"product_cat","embeddable":true,"href":"https:\/\/stoic-curie.212-227-153-4.plesk.page\/hr\/wp-json\/wp\/v2\/product_cat?post=3692580"},{"taxonomy":"product_tag","embeddable":true,"href":"https:\/\/stoic-curie.212-227-153-4.plesk.page\/hr\/wp-json\/wp\/v2\/product_tag?post=3692580"}],"curies":[{"name":"wp","href":"https:\/\/api.w.org\/{rel}","templated":true}]}}