{"id":3692585,"date":"2025-10-13T13:51:51","date_gmt":"2025-10-13T17:51:51","guid":{"rendered":"https:\/\/stoic-curie.212-227-153-4.plesk.page\/product\/tlacni-prekidac-za-colflo-midi-12\/"},"modified":"2026-02-25T00:01:18","modified_gmt":"2026-02-25T00:01:18","slug":"tlacni-prekidac-za-colflo-midi-12","status":"publish","type":"product","link":"https:\/\/stoic-curie.212-227-153-4.plesk.page\/hr\/product\/tlacni-prekidac-za-colflo-midi-12\/","title":{"rendered":"Tla\u010dni prekida\u010d za Colflo midi-12"},"content":{"rendered":"<p>Tla\u010dni prekida\u010d za Colflo midi-12 &#8211; <\/p>\n<p>Samousisne ColFlo pumpice za slatku vodu s membranom do 2,4 metra za sudopere i tu\u0161eve, za 2 do 4 korisne to\u010dke. Kompletne s filtrima, navojnim spojnicama 3\/4&#8243; i spojnicama cijevi na crijevo od 14 mm (Midi) (20 mm Maxi).<\/p>\n","protected":false},"excerpt":{"rendered":"<p>Tla\u010dni prekida\u010d za Colflo midi-12 &#8211; Samousisne ColFlo pumpice za slatku vodu s membranom do 2,4 metra za sudopere i<\/p>\n","protected":false},"featured_media":5947548,"comment_status":"closed","ping_status":"closed","template":"","meta":[],"product_brand":[3326],"product_cat":[1660],"product_tag":[],"class_list":{"0":"post-3692585","1":"product","2":"type-product","3":"status-publish","4":"has-post-thumbnail","6":"product_brand-rule-hr","7":"product_cat-pumpe-za-tlak-vode","9":"first","10":"instock","11":"shipping-taxable","12":"purchasable","13":"product-type-simple"},"_links":{"self":[{"href":"https:\/\/stoic-curie.212-227-153-4.plesk.page\/hr\/wp-json\/wp\/v2\/product\/3692585","targetHints":{"allow":["GET"]}}],"collection":[{"href":"https:\/\/stoic-curie.212-227-153-4.plesk.page\/hr\/wp-json\/wp\/v2\/product"}],"about":[{"href":"https:\/\/stoic-curie.212-227-153-4.plesk.page\/hr\/wp-json\/wp\/v2\/types\/product"}],"replies":[{"embeddable":true,"href":"https:\/\/stoic-curie.212-227-153-4.plesk.page\/hr\/wp-json\/wp\/v2\/comments?post=3692585"}],"version-history":[{"count":0,"href":"https:\/\/stoic-curie.212-227-153-4.plesk.page\/hr\/wp-json\/wp\/v2\/product\/3692585\/revisions"}],"wp:featuredmedia":[{"embeddable":true,"href":"https:\/\/stoic-curie.212-227-153-4.plesk.page\/hr\/wp-json\/wp\/v2\/media\/5947548"}],"wp:attachment":[{"href":"https:\/\/stoic-curie.212-227-153-4.plesk.page\/hr\/wp-json\/wp\/v2\/media?parent=3692585"}],"wp:term":[{"taxonomy":"product_brand","embeddable":true,"href":"https:\/\/stoic-curie.212-227-153-4.plesk.page\/hr\/wp-json\/wp\/v2\/product_brand?post=3692585"},{"taxonomy":"product_cat","embeddable":true,"href":"https:\/\/stoic-curie.212-227-153-4.plesk.page\/hr\/wp-json\/wp\/v2\/product_cat?post=3692585"},{"taxonomy":"product_tag","embeddable":true,"href":"https:\/\/stoic-curie.212-227-153-4.plesk.page\/hr\/wp-json\/wp\/v2\/product_tag?post=3692585"}],"curies":[{"name":"wp","href":"https:\/\/api.w.org\/{rel}","templated":true}]}}