{"id":3692588,"date":"2025-10-13T13:51:52","date_gmt":"2025-10-13T17:51:52","guid":{"rendered":"https:\/\/stoic-curie.212-227-153-4.plesk.page\/product\/rezervni-rotor-za-ancor-pumpu-spojke-250lt\/"},"modified":"2026-02-25T00:01:19","modified_gmt":"2026-02-25T00:01:19","slug":"rezervni-rotor-za-ancor-pumpu-spojke-250lt","status":"publish","type":"product","link":"https:\/\/stoic-curie.212-227-153-4.plesk.page\/hr\/product\/rezervni-rotor-za-ancor-pumpu-spojke-250lt\/","title":{"rendered":"Rezervni rotor za Ancor pumpu spojke 250lt"},"content":{"rendered":"<p>Rezervni rotor za Ancor pumpu spojke 250lt &#8211; <\/p>\n<p>Ru\u010dne pumpe s kva\u010dilom kapaciteta 100 i 250 Lt\/min za slatku i slanu vodu. Impeler od nitrila, tijelo od bronce, osovina od nehr\u0111aju\u0107eg \u010delika. Maksimalno 2000 okr\/min.<\/p>\n","protected":false},"excerpt":{"rendered":"<p>Rezervni rotor za Ancor pumpu spojke 250lt &#8211; Ru\u010dne pumpe s kva\u010dilom kapaciteta 100 i 250 Lt\/min za slatku i<\/p>\n","protected":false},"featured_media":5947551,"comment_status":"closed","ping_status":"closed","template":"","meta":[],"product_brand":[2781],"product_cat":[1809],"product_tag":[],"class_list":{"0":"post-3692588","1":"product","2":"type-product","3":"status-publish","4":"has-post-thumbnail","6":"product_brand-ancor-marine-hr","7":"product_cat-pumpe-za-hladenje-motora","9":"first","10":"instock","11":"shipping-taxable","12":"purchasable","13":"product-type-simple"},"_links":{"self":[{"href":"https:\/\/stoic-curie.212-227-153-4.plesk.page\/hr\/wp-json\/wp\/v2\/product\/3692588","targetHints":{"allow":["GET"]}}],"collection":[{"href":"https:\/\/stoic-curie.212-227-153-4.plesk.page\/hr\/wp-json\/wp\/v2\/product"}],"about":[{"href":"https:\/\/stoic-curie.212-227-153-4.plesk.page\/hr\/wp-json\/wp\/v2\/types\/product"}],"replies":[{"embeddable":true,"href":"https:\/\/stoic-curie.212-227-153-4.plesk.page\/hr\/wp-json\/wp\/v2\/comments?post=3692588"}],"version-history":[{"count":0,"href":"https:\/\/stoic-curie.212-227-153-4.plesk.page\/hr\/wp-json\/wp\/v2\/product\/3692588\/revisions"}],"wp:featuredmedia":[{"embeddable":true,"href":"https:\/\/stoic-curie.212-227-153-4.plesk.page\/hr\/wp-json\/wp\/v2\/media\/5947551"}],"wp:attachment":[{"href":"https:\/\/stoic-curie.212-227-153-4.plesk.page\/hr\/wp-json\/wp\/v2\/media?parent=3692588"}],"wp:term":[{"taxonomy":"product_brand","embeddable":true,"href":"https:\/\/stoic-curie.212-227-153-4.plesk.page\/hr\/wp-json\/wp\/v2\/product_brand?post=3692588"},{"taxonomy":"product_cat","embeddable":true,"href":"https:\/\/stoic-curie.212-227-153-4.plesk.page\/hr\/wp-json\/wp\/v2\/product_cat?post=3692588"},{"taxonomy":"product_tag","embeddable":true,"href":"https:\/\/stoic-curie.212-227-153-4.plesk.page\/hr\/wp-json\/wp\/v2\/product_tag?post=3692588"}],"curies":[{"name":"wp","href":"https:\/\/api.w.org\/{rel}","templated":true}]}}