{"id":3692657,"date":"2025-10-13T13:52:02","date_gmt":"2025-10-13T17:52:02","guid":{"rendered":"https:\/\/stoic-curie.212-227-153-4.plesk.page\/product\/prekidac-ip68-za-brisac-vjetrobranskog-stakla-8-terminala\/"},"modified":"2026-02-25T00:01:19","modified_gmt":"2026-02-25T00:01:19","slug":"prekidac-ip68-za-brisac-vjetrobranskog-stakla-8-terminala","status":"publish","type":"product","link":"https:\/\/stoic-curie.212-227-153-4.plesk.page\/hr\/product\/prekidac-ip68-za-brisac-vjetrobranskog-stakla-8-terminala\/","title":{"rendered":"Prekida\u010d Ip68 za brisa\u010d vjetrobranskog stakla (8 terminala)"},"content":{"rendered":"<p>Prekida\u010d Ip68 za brisa\u010d vjetrobranskog stakla (8 terminala) &#8211; <\/p>\n<p>Nitrilna brtva IP68 vodootporni prekida\u010di 12\/24V (20\/10A). Sa laserom ugraviranim aktuatorom, ne zahtijeva naljepnice i ne tro\u0161i se.<\/p>\n","protected":false},"excerpt":{"rendered":"<p>Prekida\u010d Ip68 za brisa\u010d vjetrobranskog stakla (8 terminala) &#8211; Nitrilna brtva IP68 vodootporni prekida\u010di 12\/24V (20\/10A). Sa laserom ugraviranim aktuatorom,<\/p>\n","protected":false},"featured_media":5942292,"comment_status":"closed","ping_status":"closed","template":"","meta":[],"product_brand":[2831],"product_cat":[1735,1743],"product_tag":[],"class_list":{"0":"post-3692657","1":"product","2":"type-product","3":"status-publish","4":"has-post-thumbnail","6":"product_brand-blue-sea-systems-hr","7":"product_cat-brisaci-vjetrobranskog-stakla-na-brodu","8":"product_cat-elektricni-prekidaci","10":"first","11":"instock","12":"shipping-taxable","13":"purchasable","14":"product-type-simple"},"_links":{"self":[{"href":"https:\/\/stoic-curie.212-227-153-4.plesk.page\/hr\/wp-json\/wp\/v2\/product\/3692657","targetHints":{"allow":["GET"]}}],"collection":[{"href":"https:\/\/stoic-curie.212-227-153-4.plesk.page\/hr\/wp-json\/wp\/v2\/product"}],"about":[{"href":"https:\/\/stoic-curie.212-227-153-4.plesk.page\/hr\/wp-json\/wp\/v2\/types\/product"}],"replies":[{"embeddable":true,"href":"https:\/\/stoic-curie.212-227-153-4.plesk.page\/hr\/wp-json\/wp\/v2\/comments?post=3692657"}],"version-history":[{"count":0,"href":"https:\/\/stoic-curie.212-227-153-4.plesk.page\/hr\/wp-json\/wp\/v2\/product\/3692657\/revisions"}],"wp:featuredmedia":[{"embeddable":true,"href":"https:\/\/stoic-curie.212-227-153-4.plesk.page\/hr\/wp-json\/wp\/v2\/media\/5942292"}],"wp:attachment":[{"href":"https:\/\/stoic-curie.212-227-153-4.plesk.page\/hr\/wp-json\/wp\/v2\/media?parent=3692657"}],"wp:term":[{"taxonomy":"product_brand","embeddable":true,"href":"https:\/\/stoic-curie.212-227-153-4.plesk.page\/hr\/wp-json\/wp\/v2\/product_brand?post=3692657"},{"taxonomy":"product_cat","embeddable":true,"href":"https:\/\/stoic-curie.212-227-153-4.plesk.page\/hr\/wp-json\/wp\/v2\/product_cat?post=3692657"},{"taxonomy":"product_tag","embeddable":true,"href":"https:\/\/stoic-curie.212-227-153-4.plesk.page\/hr\/wp-json\/wp\/v2\/product_tag?post=3692657"}],"curies":[{"name":"wp","href":"https:\/\/api.w.org\/{rel}","templated":true}]}}