{"id":3692663,"date":"2025-10-13T13:52:03","date_gmt":"2025-10-13T17:52:03","guid":{"rendered":"https:\/\/stoic-curie.212-227-153-4.plesk.page\/product\/terminali-za-baterije-16-18-mm\/"},"modified":"2026-02-25T00:01:19","modified_gmt":"2026-02-25T00:01:19","slug":"terminali-za-baterije-16-18-mm","status":"publish","type":"product","link":"https:\/\/stoic-curie.212-227-153-4.plesk.page\/hr\/product\/terminali-za-baterije-16-18-mm\/","title":{"rendered":"Terminali za baterije 16(-)\/18(+) mm"},"content":{"rendered":"<p>Terminali za baterije 16(-)\/18(+) mm &#8211; <\/p>\n<p>Baterijske terminale prodajemo u parovima s ku\u0107i\u0161tem od mesingove legure i terminalima \u00f8 16(-)\/18(+), M8 vijak od nehr\u0111aju\u0107eg \u010delika 316 i crvenim i crnim obojenim izoliranim leptir M8.<\/p>\n","protected":false},"excerpt":{"rendered":"<p>Terminali za baterije 16(-)\/18(+) mm &#8211; Baterijske terminale prodajemo u parovima s ku\u0107i\u0161tem od mesingove legure i terminalima \u00f8 16(-)\/18(+),<\/p>\n","protected":false},"featured_media":5947647,"comment_status":"closed","ping_status":"closed","template":"","meta":[],"product_brand":[3216],"product_cat":[1729,1752],"product_tag":[],"class_list":{"0":"post-3692663","1":"product","2":"type-product","3":"status-publish","4":"has-post-thumbnail","6":"product_brand-oceanflex-hr","7":"product_cat-baterije","8":"product_cat-kabel-i-terminali-za-baterije","10":"first","11":"instock","12":"shipping-taxable","13":"purchasable","14":"product-type-simple"},"_links":{"self":[{"href":"https:\/\/stoic-curie.212-227-153-4.plesk.page\/hr\/wp-json\/wp\/v2\/product\/3692663","targetHints":{"allow":["GET"]}}],"collection":[{"href":"https:\/\/stoic-curie.212-227-153-4.plesk.page\/hr\/wp-json\/wp\/v2\/product"}],"about":[{"href":"https:\/\/stoic-curie.212-227-153-4.plesk.page\/hr\/wp-json\/wp\/v2\/types\/product"}],"replies":[{"embeddable":true,"href":"https:\/\/stoic-curie.212-227-153-4.plesk.page\/hr\/wp-json\/wp\/v2\/comments?post=3692663"}],"version-history":[{"count":0,"href":"https:\/\/stoic-curie.212-227-153-4.plesk.page\/hr\/wp-json\/wp\/v2\/product\/3692663\/revisions"}],"wp:featuredmedia":[{"embeddable":true,"href":"https:\/\/stoic-curie.212-227-153-4.plesk.page\/hr\/wp-json\/wp\/v2\/media\/5947647"}],"wp:attachment":[{"href":"https:\/\/stoic-curie.212-227-153-4.plesk.page\/hr\/wp-json\/wp\/v2\/media?parent=3692663"}],"wp:term":[{"taxonomy":"product_brand","embeddable":true,"href":"https:\/\/stoic-curie.212-227-153-4.plesk.page\/hr\/wp-json\/wp\/v2\/product_brand?post=3692663"},{"taxonomy":"product_cat","embeddable":true,"href":"https:\/\/stoic-curie.212-227-153-4.plesk.page\/hr\/wp-json\/wp\/v2\/product_cat?post=3692663"},{"taxonomy":"product_tag","embeddable":true,"href":"https:\/\/stoic-curie.212-227-153-4.plesk.page\/hr\/wp-json\/wp\/v2\/product_tag?post=3692663"}],"curies":[{"name":"wp","href":"https:\/\/api.w.org\/{rel}","templated":true}]}}