{"id":3692665,"date":"2025-10-13T13:52:03","date_gmt":"2025-10-13T17:52:03","guid":{"rendered":"https:\/\/stoic-curie.212-227-153-4.plesk.page\/product\/crni-kabel-za-baterije-25mm2\/"},"modified":"2026-02-25T00:01:19","modified_gmt":"2026-02-25T00:01:19","slug":"crni-kabel-za-baterije-25mm2","status":"publish","type":"product","link":"https:\/\/stoic-curie.212-227-153-4.plesk.page\/hr\/product\/crni-kabel-za-baterije-25mm2\/","title":{"rendered":"Crni kabel za baterije 25mm2"},"content":{"rendered":"<p>Crni kabel za baterije 25mm2 &#8211; <\/p>\n<p>CE-certificirani morski kabel za baterije. PVC-oblo\u017eeni i izolirani klasa 5 IEC60228, pocin\u010dani crveni bakreni vod, osigurava maksimalnu za\u0161titu od korozije i elektrolize. Superiorna fleksibilnost izolacijskog omota\u010da od posebne nitrilne gume PVC, otporne na morsku vodu, IEC60332-1 certifikat, samogasivi i otporan na ulje.<\/p>\n","protected":false},"excerpt":{"rendered":"<p>Crni kabel za baterije 25mm2 &#8211; CE-certificirani morski kabel za baterije. PVC-oblo\u017eeni i izolirani klasa 5 IEC60228, pocin\u010dani crveni bakreni<\/p>\n","protected":false},"featured_media":5947650,"comment_status":"closed","ping_status":"closed","template":"","meta":[],"product_brand":[3216],"product_cat":[1752],"product_tag":[],"class_list":{"0":"post-3692665","1":"product","2":"type-product","3":"status-publish","4":"has-post-thumbnail","6":"product_brand-oceanflex-hr","7":"product_cat-kabel-i-terminali-za-baterije","9":"first","10":"instock","11":"shipping-taxable","12":"purchasable","13":"product-type-simple"},"_links":{"self":[{"href":"https:\/\/stoic-curie.212-227-153-4.plesk.page\/hr\/wp-json\/wp\/v2\/product\/3692665","targetHints":{"allow":["GET"]}}],"collection":[{"href":"https:\/\/stoic-curie.212-227-153-4.plesk.page\/hr\/wp-json\/wp\/v2\/product"}],"about":[{"href":"https:\/\/stoic-curie.212-227-153-4.plesk.page\/hr\/wp-json\/wp\/v2\/types\/product"}],"replies":[{"embeddable":true,"href":"https:\/\/stoic-curie.212-227-153-4.plesk.page\/hr\/wp-json\/wp\/v2\/comments?post=3692665"}],"version-history":[{"count":0,"href":"https:\/\/stoic-curie.212-227-153-4.plesk.page\/hr\/wp-json\/wp\/v2\/product\/3692665\/revisions"}],"wp:featuredmedia":[{"embeddable":true,"href":"https:\/\/stoic-curie.212-227-153-4.plesk.page\/hr\/wp-json\/wp\/v2\/media\/5947650"}],"wp:attachment":[{"href":"https:\/\/stoic-curie.212-227-153-4.plesk.page\/hr\/wp-json\/wp\/v2\/media?parent=3692665"}],"wp:term":[{"taxonomy":"product_brand","embeddable":true,"href":"https:\/\/stoic-curie.212-227-153-4.plesk.page\/hr\/wp-json\/wp\/v2\/product_brand?post=3692665"},{"taxonomy":"product_cat","embeddable":true,"href":"https:\/\/stoic-curie.212-227-153-4.plesk.page\/hr\/wp-json\/wp\/v2\/product_cat?post=3692665"},{"taxonomy":"product_tag","embeddable":true,"href":"https:\/\/stoic-curie.212-227-153-4.plesk.page\/hr\/wp-json\/wp\/v2\/product_tag?post=3692665"}],"curies":[{"name":"wp","href":"https:\/\/api.w.org\/{rel}","templated":true}]}}