{"id":3692670,"date":"2025-10-13T13:52:04","date_gmt":"2025-10-13T17:52:04","guid":{"rendered":"https:\/\/stoic-curie.212-227-153-4.plesk.page\/product\/crveni-kabel-baterije-50mm2\/"},"modified":"2026-02-25T00:01:19","modified_gmt":"2026-02-25T00:01:19","slug":"crveni-kabel-baterije-50mm2","status":"publish","type":"product","link":"https:\/\/stoic-curie.212-227-153-4.plesk.page\/hr\/product\/crveni-kabel-baterije-50mm2\/","title":{"rendered":"Crveni kabel baterije 50mm2"},"content":{"rendered":"<p>Crveni kabel baterije 50mm2 &#8211; <\/p>\n<p>CE certificirani morski elektri\u010dni kabel. PVC-oblo\u017een i izoliran klasa 5 IEC60228 pocin\u010dani crveni bakreni vodi\u010d za maksimalnu za\u0161titu od korozije i elektrolize. Izvrsna fleksibilnost izolacijske prevlake izra\u0111ene od posebne nitrilne gume, PVC otpornog na morsku vodu, koji je certificiran kao otporan na plamen prema IEC60332-1 i otporan na ulje.<\/p>\n","protected":false},"excerpt":{"rendered":"<p>Crveni kabel baterije 50mm2 &#8211; CE certificirani morski elektri\u010dni kabel. PVC-oblo\u017een i izoliran klasa 5 IEC60228 pocin\u010dani crveni bakreni vodi\u010d<\/p>\n","protected":false},"featured_media":5947650,"comment_status":"closed","ping_status":"closed","template":"","meta":[],"product_brand":[3216],"product_cat":[1752],"product_tag":[],"class_list":{"0":"post-3692670","1":"product","2":"type-product","3":"status-publish","4":"has-post-thumbnail","6":"product_brand-oceanflex-hr","7":"product_cat-kabel-i-terminali-za-baterije","9":"first","10":"instock","11":"shipping-taxable","12":"purchasable","13":"product-type-simple"},"_links":{"self":[{"href":"https:\/\/stoic-curie.212-227-153-4.plesk.page\/hr\/wp-json\/wp\/v2\/product\/3692670","targetHints":{"allow":["GET"]}}],"collection":[{"href":"https:\/\/stoic-curie.212-227-153-4.plesk.page\/hr\/wp-json\/wp\/v2\/product"}],"about":[{"href":"https:\/\/stoic-curie.212-227-153-4.plesk.page\/hr\/wp-json\/wp\/v2\/types\/product"}],"replies":[{"embeddable":true,"href":"https:\/\/stoic-curie.212-227-153-4.plesk.page\/hr\/wp-json\/wp\/v2\/comments?post=3692670"}],"version-history":[{"count":0,"href":"https:\/\/stoic-curie.212-227-153-4.plesk.page\/hr\/wp-json\/wp\/v2\/product\/3692670\/revisions"}],"wp:featuredmedia":[{"embeddable":true,"href":"https:\/\/stoic-curie.212-227-153-4.plesk.page\/hr\/wp-json\/wp\/v2\/media\/5947650"}],"wp:attachment":[{"href":"https:\/\/stoic-curie.212-227-153-4.plesk.page\/hr\/wp-json\/wp\/v2\/media?parent=3692670"}],"wp:term":[{"taxonomy":"product_brand","embeddable":true,"href":"https:\/\/stoic-curie.212-227-153-4.plesk.page\/hr\/wp-json\/wp\/v2\/product_brand?post=3692670"},{"taxonomy":"product_cat","embeddable":true,"href":"https:\/\/stoic-curie.212-227-153-4.plesk.page\/hr\/wp-json\/wp\/v2\/product_cat?post=3692670"},{"taxonomy":"product_tag","embeddable":true,"href":"https:\/\/stoic-curie.212-227-153-4.plesk.page\/hr\/wp-json\/wp\/v2\/product_tag?post=3692670"}],"curies":[{"name":"wp","href":"https:\/\/api.w.org\/{rel}","templated":true}]}}