{"id":3692679,"date":"2025-10-13T13:52:06","date_gmt":"2025-10-13T17:52:06","guid":{"rendered":"https:\/\/stoic-curie.212-227-153-4.plesk.page\/product\/elektricni-konektor-ip44-muski-3-pola-16amp\/"},"modified":"2026-02-25T00:01:19","modified_gmt":"2026-02-25T00:01:19","slug":"elektricni-konektor-ip44-muski-3-pola-16amp","status":"publish","type":"product","link":"https:\/\/stoic-curie.212-227-153-4.plesk.page\/hr\/product\/elektricni-konektor-ip44-muski-3-pola-16amp\/","title":{"rendered":"Elektricni konektor IP44, mu\u0161ki, 3 pola 16amp"},"content":{"rendered":"<p>Elektricni konektor IP44, mu\u0161ki, 3 pola 16amp &#8211; <\/p>\n<p>3-polne CE IP44 za\u0161titne utika\u010de i uti\u010dnice.<\/p>\n","protected":false},"excerpt":{"rendered":"<p>Elektricni konektor IP44, mu\u0161ki, 3 pola 16amp &#8211; 3-polne CE IP44 za\u0161titne utika\u010de i uti\u010dnice.<\/p>\n","protected":false},"featured_media":5947671,"comment_status":"closed","ping_status":"closed","template":"","meta":[],"product_brand":[2831],"product_cat":[1750],"product_tag":[],"class_list":{"0":"post-3692679","1":"product","2":"type-product","3":"status-publish","4":"has-post-thumbnail","6":"product_brand-blue-sea-systems-hr","7":"product_cat-marinco-utikaci","9":"first","10":"instock","11":"shipping-taxable","12":"purchasable","13":"product-type-simple"},"_links":{"self":[{"href":"https:\/\/stoic-curie.212-227-153-4.plesk.page\/hr\/wp-json\/wp\/v2\/product\/3692679","targetHints":{"allow":["GET"]}}],"collection":[{"href":"https:\/\/stoic-curie.212-227-153-4.plesk.page\/hr\/wp-json\/wp\/v2\/product"}],"about":[{"href":"https:\/\/stoic-curie.212-227-153-4.plesk.page\/hr\/wp-json\/wp\/v2\/types\/product"}],"replies":[{"embeddable":true,"href":"https:\/\/stoic-curie.212-227-153-4.plesk.page\/hr\/wp-json\/wp\/v2\/comments?post=3692679"}],"version-history":[{"count":0,"href":"https:\/\/stoic-curie.212-227-153-4.plesk.page\/hr\/wp-json\/wp\/v2\/product\/3692679\/revisions"}],"wp:featuredmedia":[{"embeddable":true,"href":"https:\/\/stoic-curie.212-227-153-4.plesk.page\/hr\/wp-json\/wp\/v2\/media\/5947671"}],"wp:attachment":[{"href":"https:\/\/stoic-curie.212-227-153-4.plesk.page\/hr\/wp-json\/wp\/v2\/media?parent=3692679"}],"wp:term":[{"taxonomy":"product_brand","embeddable":true,"href":"https:\/\/stoic-curie.212-227-153-4.plesk.page\/hr\/wp-json\/wp\/v2\/product_brand?post=3692679"},{"taxonomy":"product_cat","embeddable":true,"href":"https:\/\/stoic-curie.212-227-153-4.plesk.page\/hr\/wp-json\/wp\/v2\/product_cat?post=3692679"},{"taxonomy":"product_tag","embeddable":true,"href":"https:\/\/stoic-curie.212-227-153-4.plesk.page\/hr\/wp-json\/wp\/v2\/product_tag?post=3692679"}],"curies":[{"name":"wp","href":"https:\/\/api.w.org\/{rel}","templated":true}]}}