{"id":3692691,"date":"2025-10-13T13:52:10","date_gmt":"2025-10-13T17:52:10","guid":{"rendered":"https:\/\/stoic-curie.212-227-153-4.plesk.page\/product\/sigurnosna-elektro-kutija-dim-o-85-x-d370-mm\/"},"modified":"2026-02-25T00:01:19","modified_gmt":"2026-02-25T00:01:19","slug":"sigurnosna-elektro-kutija-dim-o-85-x-d370-mm","status":"publish","type":"product","link":"https:\/\/stoic-curie.212-227-153-4.plesk.page\/hr\/product\/sigurnosna-elektro-kutija-dim-o-85-x-d370-mm\/","title":{"rendered":"Sigurnosna elektro kutija dim \u00f8 85 x d370 mm"},"content":{"rendered":"<p>Sigurnosna elektro kutija dim \u00f8 85 x d370 mm &#8211; <\/p>\n<p>Kutija za za\u0161titu od udaraca od plastike otporna na vodu za elektri\u010dne uti\u010dnice i utika\u010de. Dolazi s dr\u017ea\u010dem bravice i vodonepropusnim prolazom. Maksimalna veli\u010dina uti\u010dnice i utika\u010da: promjer 70 x D280 mm.<\/p>\n","protected":false},"excerpt":{"rendered":"<p>Sigurnosna elektro kutija dim \u00f8 85 x d370 mm &#8211; Kutija za za\u0161titu od udaraca od plastike otporna na vodu<\/p>\n","protected":false},"featured_media":5947688,"comment_status":"closed","ping_status":"closed","template":"","meta":[],"product_brand":[2831],"product_cat":[1750],"product_tag":[],"class_list":{"0":"post-3692691","1":"product","2":"type-product","3":"status-publish","4":"has-post-thumbnail","6":"product_brand-blue-sea-systems-hr","7":"product_cat-marinco-utikaci","9":"first","10":"instock","11":"shipping-taxable","12":"purchasable","13":"product-type-simple"},"_links":{"self":[{"href":"https:\/\/stoic-curie.212-227-153-4.plesk.page\/hr\/wp-json\/wp\/v2\/product\/3692691","targetHints":{"allow":["GET"]}}],"collection":[{"href":"https:\/\/stoic-curie.212-227-153-4.plesk.page\/hr\/wp-json\/wp\/v2\/product"}],"about":[{"href":"https:\/\/stoic-curie.212-227-153-4.plesk.page\/hr\/wp-json\/wp\/v2\/types\/product"}],"replies":[{"embeddable":true,"href":"https:\/\/stoic-curie.212-227-153-4.plesk.page\/hr\/wp-json\/wp\/v2\/comments?post=3692691"}],"version-history":[{"count":0,"href":"https:\/\/stoic-curie.212-227-153-4.plesk.page\/hr\/wp-json\/wp\/v2\/product\/3692691\/revisions"}],"wp:featuredmedia":[{"embeddable":true,"href":"https:\/\/stoic-curie.212-227-153-4.plesk.page\/hr\/wp-json\/wp\/v2\/media\/5947688"}],"wp:attachment":[{"href":"https:\/\/stoic-curie.212-227-153-4.plesk.page\/hr\/wp-json\/wp\/v2\/media?parent=3692691"}],"wp:term":[{"taxonomy":"product_brand","embeddable":true,"href":"https:\/\/stoic-curie.212-227-153-4.plesk.page\/hr\/wp-json\/wp\/v2\/product_brand?post=3692691"},{"taxonomy":"product_cat","embeddable":true,"href":"https:\/\/stoic-curie.212-227-153-4.plesk.page\/hr\/wp-json\/wp\/v2\/product_cat?post=3692691"},{"taxonomy":"product_tag","embeddable":true,"href":"https:\/\/stoic-curie.212-227-153-4.plesk.page\/hr\/wp-json\/wp\/v2\/product_tag?post=3692691"}],"curies":[{"name":"wp","href":"https:\/\/api.w.org\/{rel}","templated":true}]}}